{"id":31849,"date":"2021-08-22T12:07:24","date_gmt":"2021-08-22T10:07:24","guid":{"rendered":"https:\/\/www.iceland.ch\/camper-iceland\/"},"modified":"2026-05-11T19:30:18","modified_gmt":"2026-05-11T17:30:18","slug":"camper-iceland","status":"publish","type":"page","link":"https:\/\/www.iceland.ch\/it\/camper-iceland\/","title":{"rendered":"Camper Iceland"},"content":{"rendered":"<div class=\"et_pb_section_0 et_pb_section et_section_regular et_block_section\"><div class=\"et_pb_row_0 et_pb_row et_block_row\"><div class=\"et_pb_column_0 et_pb_column et_pb_column_4_4 et-last-child et_block_column et_pb_css_mix_blend_mode_passthrough\"><div class=\"et_pb_text_0 et_pb_text et_pb_bg_layout_dark et_pb_module et_block_module\"><div class=\"et_pb_text_inner\"><h1>Camper Iceland<\/h1>\n<\/div><\/div><\/div><\/div><div class=\"et_pb_row_1 et_pb_row et_pb_equal_columns et_block_row\"><div class=\"et_pb_column_1 et_pb_column et_pb_column_1_3 et_block_column et_pb_css_mix_blend_mode_passthrough\"><div class=\"et_pb_image_0 et_pb_image et_pb_module et_block_module\"><span class=\"et_pb_image_wrap\"><img decoding=\"async\" src=\"https:\/\/www.mjollnir.ch\/wp-content\/uploads\/2021\/02\/055AC7BF-5707-4B18-8E6C-84ECA35EABC8.jpeg\" title=\"055AC7BF57074B188E6C84ECA35EABC8\" alt=\"\"><\/span><\/div><\/div><div class=\"et_pb_column_2 et_pb_column et_pb_column_2_3 et-last-child et_block_column et_pb_css_mix_blend_mode_passthrough\"><div class=\"et_pb_text_1 et_pb_text et_pb_bg_layout_dark et_pb_module et_block_module\"><div class=\"et_pb_text_inner\"><h4>Chi siamo<\/h4>\n<h2>Uno dei marchi di noleggio camper e motorhome pi\u00f9 antichi d'Islanda<\/h2>\n<\/div><\/div><div class=\"et_pb_module et_pb_button_module_wrapper et_pb_button_0_wrapper\"><a class=\"et_pb_button_0 et_pb_button et_pb_bg_layout_dark et_pb_module et_block_module\" href=\"https:\/\/www.campe.is\" target=\"_blank\" rel=\"noopener\">Vienici a trovare<\/a><\/div><\/div><\/div><\/div><div class=\"et_pb_section_1 et_pb_section et_section_regular et_block_section\"><div class=\"et_pb_row_2 et_pb_row et_block_row\"><div class=\"et_pb_column_3 et_pb_column et_pb_column_4_4 et-last-child et_block_column et_pb_css_mix_blend_mode_passthrough\"><div class=\"et_pb_text_2 et_pb_text et_pb_bg_layout_light et_pb_module et_block_module et_pb_text_align_center\"><div class=\"et_pb_text_inner\"><h4>Chi siamo<\/h4>\n<h2>La nostra storia<\/h2>\n<\/div><\/div><div class=\"et_pb_text_3 et_pb_text et_pb_bg_layout_light et_pb_module et_block_module et_pb_text_align_center\"><div class=\"et_pb_text_inner\"><p style=\"text-align: justify;\">Camper Iceland \u00e8 un marchio ben noto in Islanda. Mi chiamo Daniel Johnson e sono il fondatore del marchio Camper Iceland, proprietario sia di Mjollnir GmbH che di Camper Iceland Ehf. In questa pagina, voglio raccontarvi la nostra storia che ha portato alla nascita del marchio Camper Iceland.  <\/p>\n<p style=\"text-align: justify;\">Tutto \u00e8 iniziato con i miei genitori, Regula e J\u00f3n Kjartansson. Alla fine degli anni '60, mia madre lavorava presso un'agenzia di viaggi governativa chiamata \"fer\u00f0askrifstofa r\u00edkisins\", che si traduce in agenzia di viaggi del governo islandese. Allo stesso tempo, mio padre lavorava come guida in Islanda mentre studiava in Inghilterra. Inutile dire che entrambi i miei genitori avevano un grande bagaglio di conoscenze che permetteva loro di essere eccellenti consulenti di viaggio per la destinazione Islanda. Nel 1979 la mia famiglia si trasfer\u00ec in Svizzera, da dove proviene mia madre. Quando avevo circa 8 anni, alcuni islandesi intelligenti fondarono una delle prime agenzie di viaggi specializzate nella destinazione Islanda. Volevano espandere il marchio dell'agenzia di viaggi in Svizzera e, poich\u00e9 l'Islanda ha una popolazione cos\u00ec piccola, praticamente tutti si conoscono, chiesero a mio padre se fosse interessato a unirsi a loro. A quel tempo mio padre era direttore di banca in Svizzera e mia madre aveva abbastanza tempo a disposizione per avviare un'impresa. Due anni dopo, nel 1987, la prima agenzia di viaggi specializzata per l'Islanda fu aperta in Svizzera dai miei genitori. All'inizio, era a casa nostra in un piccolo angolo, ma rapidamente ebbe bisogno di un proprio ufficio nella nostra citt\u00e0 natale di Rudolfstetten. Allora il turismo islandese era quasi inesistente e i viaggiatori potevano noleggiare una Lada e dormire nei convitti che erano chiusi agli studenti durante l'estate. A causa della mancanza di trasporti e alloggi, nacque l'idea di noleggiare camper. In collaborazione con parenti, inizi\u00f2 il primo noleggio di camper in Islanda. Durante gli anni '90, il turismo islandese continu\u00f2 a crescere lentamente. Dopo il 2000 l'Islanda divenne sempre pi\u00f9 popolare, soprattutto grazie all'Eyjafjallaj\u00f6kull che tutti sembrano conoscere e ricordare dove si trovavano quando erutt\u00f2.              <\/p>\n<p style=\"text-align: justify;\">La societ\u00e0 di noleggio non ha mai avuto un proprio marchio perch\u00e9 operava solo per l'agenzia di viaggi ed era aperta da giugno ad agosto ogni anno. Molti viaggiatori hanno goduto della natura islandese viaggiando in uno dei nostri camper. <\/p>\n<p style=\"text-align: justify;\">Ho assistito i miei genitori fin da quando ero bambino e, naturalmente, conoscevo molto bene l'attivit\u00e0. Tuttavia, avevo scelto un percorso diverso e ho lavorato prima all'Ambasciata degli Stati Uniti come supervisore della sicurezza prima di entrare nell'esercito svizzero (Fanteria, EOD, Polizia Militare) dove presto ancora servizio nella milizia come colonnello della polizia militare. Nel 2005, mi \u00e8 stato chiesto di gestire la societ\u00e0 di noleggio islandese per due settimane per usare le mie capacit\u00e0 di insegnante tattico per valutare l'operazione. L'azienda stava crescendo e aveva bisogno di una nuova prospettiva nella leadership. Di conseguenza, mi \u00e8 stato chiesto di gestire l'azienda come CEO alla fine del 2006. Il mio primo compito \u00e8 stato fondare il marchio Camper Iceland e creare la prima pagina web di camper e motorhome 4x4 d'Islanda chiamata camper.is. L'azienda ha ricevuto un badge e il nome del marchio Camper Iceland \u00e8 stato utilizzato da allora. \u00c8 passato dal servire l'agenzia di viaggi svizzera al servire agenti di viaggio internazionali e B2C. Nel 2018 Camper Iceland era di gran lunga la pi\u00f9 grande compagnia di noleggio camper con 180 veicoli in circolazione e oltre 20 veicoli in vendita o in riserva. Una flotta di oltre 200 veicoli.         <\/p>\n<p style=\"text-align: justify;\">Durante la pandemia, tutto \u00e8 cambiato. Siamo molto fortunati e grati di essere riusciti a rimanere in salute, e la nostra azienda \u00e8 stata in grado di utilizzare la sua forza nell'importazione di veicoli, nell'officina di riparazione e nelle vendite per servire il mercato islandese. Mai prima d'ora abbiamo venduto cos\u00ec tanti veicoli, ma d'altra parte l'attivit\u00e0 di noleggio era molto pi\u00f9 piccola di prima.   <\/p>\n<p style=\"text-align: justify;\">Oggi abbiamo una flotta rinnovata e siamo felici che il mercato del noleggio stia lentamente riprendendo. <\/p>\n<p style=\"text-align: justify;\">Spero che abbiate apprezzato la nostra breve versione degli ultimi due decenni e vi invito a visitare la nostra homepage camper.is. Inoltre, sarebbe un piacere se la nostra storia vi ispirasse a scegliere un marchio di famiglia e a visitare l'Islanda.  <\/p>\n<p style=\"text-align: justify;\">\n<p style=\"text-align: justify;\">Con i pi\u00f9 cordiali saluti<\/p>\n<\/div><\/div><div class=\"et_pb_text_4 et_pb_text et_pb_bg_layout_light et_pb_module et_block_module\"><div class=\"et_pb_text_inner\"><p>Daniel Johnson<\/p>\n<\/div><\/div><\/div><\/div><\/div><div class=\"et_pb_section_2 et_pb_section et_section_regular et_block_section\"><div class=\"et_pb_row_3 et_pb_row et_block_row\"><div class=\"et_pb_column_4 et_pb_column et_pb_column_4_4 et-last-child et_block_column et_pb_css_mix_blend_mode_passthrough\"><div class=\"et_pb_image_1 et_pb_image et_pb_module et_block_module\"><span class=\"et_pb_image_wrap\"><img decoding=\"async\" src=\"https:\/\/www.mjollnir.ch\/wp-content\/uploads\/2021\/08\/camper-2.jpeg\" title=\"camper  2\" alt=\"\"><\/span><\/div><div class=\"et_pb_divider_0 et_pb_divider_hidden et_pb_space et_pb_divider_position_top et_pb_module\"><div class=\"et_pb_divider_internal\"><\/div><\/div><div class=\"et_pb_image_2 et_pb_image et_pb_module et_block_module\"><span class=\"et_pb_image_wrap\"><img decoding=\"async\" src=\"https:\/\/www.mjollnir.ch\/wp-content\/uploads\/2021\/08\/camper-11.jpeg\" title=\"camper  11\" alt=\"\"><\/span><\/div><div class=\"et_pb_divider_1 et_pb_divider_hidden et_pb_space et_pb_divider_position_top et_pb_module\"><div class=\"et_pb_divider_internal\"><\/div><\/div><div class=\"et_pb_image_3 et_pb_image et_pb_module et_block_module\"><span class=\"et_pb_image_wrap\"><img decoding=\"async\" src=\"https:\/\/www.mjollnir.ch\/wp-content\/uploads\/2021\/08\/camper-1.jpeg\" title=\"camper  1\" alt=\"\"><\/span><\/div><div class=\"et_pb_image_4 et_pb_image et_pb_module et_block_module\"><span class=\"et_pb_image_wrap\"><img decoding=\"async\" src=\"https:\/\/www.mjollnir.ch\/wp-content\/uploads\/2021\/08\/camper-7.jpeg\" title=\"camper  7\" alt=\"\"><\/span><\/div><div class=\"et_pb_image_5 et_pb_image et_pb_module et_block_module\"><span class=\"et_pb_image_wrap\"><img decoding=\"async\" src=\"https:\/\/www.mjollnir.ch\/wp-content\/uploads\/2021\/08\/camper-8.jpeg\" title=\"camper  8\" alt=\"\"><\/span><\/div><\/div><\/div><\/div><div class=\"et_pb_section_3 et_pb_section et_section_regular et_block_section\"><div class=\"et_pb_row_4 et_pb_row et_pb_gutters2 et_block_row\"><div class=\"et_pb_column_5 et_pb_column et_pb_column_1_3 et_block_column et_pb_css_mix_blend_mode_passthrough\"><div class=\"et_pb_text_5 et_pb_text et_pb_bg_layout_light et_pb_module et_block_module\"><div class=\"et_pb_text_inner\"><h4>La nostra passione<\/h4>\n<h2>Prodotto di viaggio dedicato e appassionato, per te.<\/h2>\n<p>Abbiamo provato molti marchi di veicoli e prodotti di viaggio per offrire il miglior servizio in Islanda. Continueremo a fare tentativi ed errori per adattarci a un mercato in evoluzione.  <\/p>\n<\/div><\/div><\/div><div class=\"et_pb_column_6 et_pb_column et_pb_column_1_3 et_block_column et_pb_css_mix_blend_mode_passthrough\"><div class=\"et_pb_blurb_0 et_pb_blurb et_pb_bg_layout_light et_pb_blurb_position_top et_animated et_pb_module et_block_module\"><div class=\"et_pb_blurb_content\"><div class=\"et_pb_main_blurb_image\"><span class=\"et_pb_image_wrap et_pb_only_image_mode_wrap\"><img decoding=\"async\" src=\"https:\/\/www.mjollnir.ch\/wp-content\/uploads\/2021\/08\/camper-5.jpeg\" alt=\"\" title=\"\"><\/span><\/div><div class=\"et_pb_blurb_container\"><h3 class=\"et_pb_module_header\">Amore &amp; Passione<\/h3><\/div><\/div><\/div><\/div><div class=\"et_pb_column_7 et_pb_column et_pb_column_1_3 et-last-child et_block_column et_pb_css_mix_blend_mode_passthrough\"><div class=\"et_pb_blurb_1 et_pb_blurb et_pb_bg_layout_light et_pb_blurb_position_top et_animated et_pb_module et_block_module\"><div class=\"et_pb_blurb_content\"><div class=\"et_pb_main_blurb_image\"><span class=\"et_pb_image_wrap et_pb_only_image_mode_wrap\"><img decoding=\"async\" src=\"https:\/\/www.mjollnir.ch\/wp-content\/uploads\/2021\/08\/camper-6.jpeg\" alt=\"\" title=\"\"><\/span><\/div><div class=\"et_pb_blurb_container\"><h3 class=\"et_pb_module_header\">Cuore &amp; Dedizione <\/h3><\/div><\/div><\/div><\/div><\/div><\/div><div class=\"et_pb_section_4 et_pb_section et_section_regular et_block_section\"><div class=\"et_pb_row_5 et_pb_row et_block_row\"><div class=\"et_pb_column_8 et_pb_column et_pb_column_1_2 et_block_column et_pb_css_mix_blend_mode_passthrough\"><div class=\"et_pb_text_6 et_pb_text et_pb_bg_layout_dark et_pb_module et_block_module\"><div class=\"et_pb_text_inner\"><h2>Contattaci o visita la nostra pagina web oggi stesso.<\/h2>\n<\/div><\/div><div class=\"et_pb_module et_pb_button_module_wrapper et_pb_button_1_wrapper\"><a class=\"et_pb_button_1 et_pb_button et_pb_bg_layout_dark et_pb_module et_block_module\" href=\"https:\/\/www.camper.is\" target=\"_blank\" rel=\"noopener\">Camper Iceland<\/a><\/div><div class=\"et_pb_text_7 et_pb_text et_pb_bg_layout_dark et_pb_module et_block_module\"><div class=\"et_pb_text_inner\"><h4>Mjollnir<\/h4>\n<p><a href=\"mailto:info@mjollnir.ch\">info@mjollnir.ch<\/a><\/p>\n<\/div><\/div><div class=\"et_pb_text_8 et_pb_text et_pb_bg_layout_dark et_pb_module et_block_module\"><div class=\"et_pb_text_inner\"><h4>Camper Iceland<\/h4>\n<p><a href=\"mailto:info@camper.is\" title=\"info@camper.is\">info@camper.is<\/a><\/p>\n<\/div><\/div><\/div><div class=\"et_pb_column_9 et_pb_column et_pb_column_1_2 et-last-child et_block_column et_pb_css_mix_blend_mode_passthrough\"><div class=\"et_pb_image_6 et_pb_image et_pb_module et_block_module\"><span class=\"et_pb_image_wrap\"><img decoding=\"async\" src=\"https:\/\/www.mjollnir.ch\/wp-content\/uploads\/2021\/08\/camper-1-1.jpeg\" title=\"camper  1 (1)\" alt=\"\"><\/span><\/div><div class=\"et_pb_text_9 et_pb_text et_pb_bg_layout_light et_pb_module et_block_module\"><div class=\"et_pb_text_inner\"><h2>Grazie per far parte della nostra famiglia e della nostra storia<\/h2>\n<\/div><\/div><\/div><\/div><\/div>","protected":false},"excerpt":{"rendered":"","protected":false},"author":1,"featured_media":31850,"parent":0,"menu_order":0,"comment_status":"closed","ping_status":"closed","template":"","meta":{"_acf_changed":false,"footnotes":""},"class_list":["post-31849","page","type-page","status-publish","has-post-thumbnail","hentry"],"acf":[],"jetpack_sharing_enabled":true,"_links":{"self":[{"href":"https:\/\/www.iceland.ch\/it\/wp-json\/wp\/v2\/pages\/31849","targetHints":{"allow":["GET"]}}],"collection":[{"href":"https:\/\/www.iceland.ch\/it\/wp-json\/wp\/v2\/pages"}],"about":[{"href":"https:\/\/www.iceland.ch\/it\/wp-json\/wp\/v2\/types\/page"}],"author":[{"embeddable":true,"href":"https:\/\/www.iceland.ch\/it\/wp-json\/wp\/v2\/users\/1"}],"replies":[{"embeddable":true,"href":"https:\/\/www.iceland.ch\/it\/wp-json\/wp\/v2\/comments?post=31849"}],"version-history":[{"count":0,"href":"https:\/\/www.iceland.ch\/it\/wp-json\/wp\/v2\/pages\/31849\/revisions"}],"wp:featuredmedia":[{"embeddable":true,"href":"https:\/\/www.iceland.ch\/it\/wp-json\/wp\/v2\/media\/31850"}],"wp:attachment":[{"href":"https:\/\/www.iceland.ch\/it\/wp-json\/wp\/v2\/media?parent=31849"}],"curies":[{"name":"wp","href":"https:\/\/api.w.org\/{rel}","templated":true}]}}