{"id":31840,"date":"2021-04-18T17:29:28","date_gmt":"2021-04-18T15:29:28","guid":{"rendered":"https:\/\/www.iceland.ch\/informativa-sulla-privacy\/"},"modified":"2026-05-11T19:29:34","modified_gmt":"2026-05-11T17:29:34","slug":"informativa-sulla-privacy","status":"publish","type":"page","link":"https:\/\/www.iceland.ch\/it\/informativa-sulla-privacy\/","title":{"rendered":"Informativa sulla privacy"},"content":{"rendered":"&#13;\n<h2 class=\"wp-block-heading\">Chi siamo<\/h2>&#13;\n&#13;\n<p>L'indirizzo del nostro sito web \u00e8: https:\/\/www.mjollnir.ch.<\/p>&#13;\n&#13;\n<h2 class=\"wp-block-heading\">Commenti<\/h2>&#13;\n&#13;\n<p>Quando i visitatori lasciano commenti sul sito, raccogliamo i dati mostrati nel modulo dei commenti, oltre all'indirizzo IP del visitatore e alla stringa user agent (che identifica il browser) per aiutare a rilevare lo spam.<\/p>&#13;\n&#13;\n<p>Dalla tua e-mail pu\u00f2 essere creata una stringa anonimizzata (chiamata anche hash) e fornita al servizio Gravatar per verificare se lo utilizzi. L'informativa sulla privacy del servizio Gravatar \u00e8 disponibile qui: https:\/\/automattic.com\/privacy\/. Dopo l'approvazione del tuo commento, la tua immagine del profilo sar\u00e0 visibile pubblicamente nel contesto del tuo commento. <\/p>&#13;\n&#13;\n<h2 class=\"wp-block-heading\">Media<\/h2>&#13;\n&#13;\n<p>Se sei un utente registrato e carichi foto su questo sito, dovresti evitare di caricare foto con dati di localizzazione GPS EXIF. I visitatori di questo sito potrebbero scaricare le foto qui memorizzate ed estrarne le informazioni sulla posizione. <\/p>&#13;\n&#13;\n<h2 class=\"wp-block-heading\">Cookie<\/h2>&#13;\n&#13;\n<p>Se lasci un commento sul nostro sito, puoi acconsentire a salvare il tuo nome, indirizzo e-mail e sito web nei cookie. Questa \u00e8 una funzionalit\u00e0 di comodit\u00e0 per evitare di dover reinserire tutti questi dati quando scrivi un altro commento. Questi cookie verranno conservati per un anno.  <\/p>&#13;\n&#13;\n<p>Se hai un account e accedi a questo sito, imposteremo un cookie temporaneo per determinare se il tuo browser accetta i cookie. Questo cookie non contiene dati personali e viene eliminato alla chiusura del browser. <\/p>&#13;\n&#13;\n<p>Quando effettui l'accesso, imposteremo alcuni cookie per salvare le tue informazioni di accesso e le tue opzioni di visualizzazione. I cookie di accesso scadono dopo due giorni e i cookie per le opzioni di visualizzazione dopo un anno. Se selezioni \"Ricordami\" al momento dell'accesso, il tuo accesso verr\u00e0 mantenuto per due settimane. Disconnettendoti dal tuo account, i cookie di accesso verranno eliminati.   <\/p>&#13;\n&#13;\n<p>Se modifichi o pubblichi un articolo, un cookie aggiuntivo verr\u00e0 salvato nel tuo browser. Questo cookie non contiene dati personali e si riferisce solo all'ID del post dell'articolo che hai appena modificato. Il cookie scade dopo un giorno.  <\/p>&#13;\n&#13;\n<h2 class=\"wp-block-heading\">Contenuti incorporati da altri siti web<\/h2>&#13;\n&#13;\n<p>Gli articoli su questo sito possono includere contenuti incorporati (ad esempio video, immagini, articoli, ecc.). I contenuti incorporati da altri siti web si comportano esattamente come se il visitatore avesse visitato l'altro sito web. <\/p>&#13;\n&#13;\n<p>Questi siti web possono raccogliere dati su di te, utilizzare cookie, incorporare servizi di tracciamento aggiuntivi di terze parti e monitorare la tua interazione con tale contenuto incorporato, inclusa la tua interazione con il contenuto incorporato se hai un account e hai effettuato l'accesso a questo sito web.<\/p>&#13;\n&#13;\n<h2 class=\"wp-block-heading\">Con chi condividiamo i tuoi dati<\/h2>&#13;\n&#13;\n<p>Se richiedi un reset della password, il tuo indirizzo IP sar\u00e0 incluso nell'e-mail di reset.<\/p>&#13;\n&#13;\n<h2 class=\"wp-block-heading\">Per quanto tempo conserviamo i tuoi dati<\/h2>&#13;\n&#13;\n<p>Se lasci un commento, questo e i suoi metadati vengono conservati a tempo indeterminato. In questo modo possiamo riconoscere e approvare automaticamente i commenti successivi, invece di tenerli in una coda di moderazione. <\/p>&#13;\n&#13;\n<p>Per gli utenti che si registrano sul nostro sito web, memorizziamo anche le informazioni personali che forniscono nei loro profili utente. Tutti gli utenti possono visualizzare, modificare o eliminare le proprie informazioni personali in qualsiasi momento (il nome utente non pu\u00f2 essere modificato). Gli amministratori del sito web possono anche visualizzare e modificare queste informazioni.  <\/p>&#13;\n&#13;\n<h2 class=\"wp-block-heading\">Quali diritti hai sui tuoi dati<\/h2>&#13;\n&#13;\n<p>Se hai un account su questo sito o hai lasciato commenti, puoi richiedere un'esportazione dei tuoi dati personali in nostro possesso, inclusi tutti i dati che ci hai fornito. Inoltre, puoi richiedere la cancellazione di tutti i dati personali che abbiamo memorizzato su di te. Questo non include i dati che siamo obbligati a conservare per necessit\u00e0 amministrative, legali o di sicurezza.  <\/p>&#13;\n&#13;\n<h2 class=\"wp-block-heading\">Dove inviamo i tuoi dati<\/h2>&#13;\n&#13;\n<p>I commenti dei visitatori potrebbero essere esaminati da un servizio di rilevamento automatico dello spam.<\/p>&#13;\n<div id=\"gtx-trans\" style=\"position: absolute; left: 10px; top: 1837.41px;\">\n<div class=\"gtx-trans-icon\"> <\/div>\n<\/div>\n","protected":false},"excerpt":{"rendered":"<p>&#13; Chi siamo &#13; &#13; L&#8217;indirizzo del nostro sito web \u00e8: https:\/\/www.mjollnir.ch. &#13; &#13; Commenti &#13; &#13; Quando i visitatori lasciano commenti sul sito, raccogliamo i dati mostrati nel modulo dei commenti, oltre all&#8217;indirizzo IP del visitatore e alla stringa user agent (che identifica il browser) per aiutare a rilevare lo spam. &#13; &#13; Dalla [&hellip;]<\/p>\n","protected":false},"author":1,"featured_media":0,"parent":0,"menu_order":0,"comment_status":"closed","ping_status":"closed","template":"","meta":{"_acf_changed":false,"footnotes":""},"class_list":["post-31840","page","type-page","status-publish","hentry"],"acf":[],"jetpack_sharing_enabled":true,"_links":{"self":[{"href":"https:\/\/www.iceland.ch\/it\/wp-json\/wp\/v2\/pages\/31840","targetHints":{"allow":["GET"]}}],"collection":[{"href":"https:\/\/www.iceland.ch\/it\/wp-json\/wp\/v2\/pages"}],"about":[{"href":"https:\/\/www.iceland.ch\/it\/wp-json\/wp\/v2\/types\/page"}],"author":[{"embeddable":true,"href":"https:\/\/www.iceland.ch\/it\/wp-json\/wp\/v2\/users\/1"}],"replies":[{"embeddable":true,"href":"https:\/\/www.iceland.ch\/it\/wp-json\/wp\/v2\/comments?post=31840"}],"version-history":[{"count":0,"href":"https:\/\/www.iceland.ch\/it\/wp-json\/wp\/v2\/pages\/31840\/revisions"}],"wp:attachment":[{"href":"https:\/\/www.iceland.ch\/it\/wp-json\/wp\/v2\/media?parent=31840"}],"curies":[{"name":"wp","href":"https:\/\/api.w.org\/{rel}","templated":true}]}}