{"id":31830,"date":"2025-07-29T16:46:16","date_gmt":"2025-07-29T14:46:16","guid":{"rendered":"https:\/\/www.iceland.ch\/iscriviti-alla-newsletter\/"},"modified":"2026-05-11T22:34:06","modified_gmt":"2026-05-11T20:34:06","slug":"iscriviti-alla-newsletter","status":"publish","type":"page","link":"https:\/\/www.iceland.ch\/it\/iscriviti-alla-newsletter\/","title":{"rendered":"Iscriviti alla newsletter"},"content":{"rendered":"<div class=\"et_pb_section_0 et_pb_section et_section_regular et_block_section\">\n<div class=\"et_pb_row_0 et_pb_row et_block_row\">\n<div class=\"et_pb_column_0 et_pb_column et_pb_column_4_4 et-last-child et_block_column et_pb_css_mix_blend_mode_passthrough\">\n<div class=\"et_pb_text_0 et_pb_text et_pb_bg_layout_light et_pb_module et_block_module\"><div class=\"et_pb_text_inner\"><p><strong>Un pezzo d'Islanda, direttamente per te.<\/strong><br \/>Immagina: le aurore boreali danzano nel cielo, la luce del sole di mezzanotte accarezza i ghiacciai e il suono di una cascata echeggia in lontananza. Tutti questi momenti \u2013 e molti altri \u2013 li condividiamo con te.<br \/>Se desideri immergerti pi\u00f9 a fondo nel mondo dell'Islanda e non perderti nessuna delle nostre storie di viaggio ispiratrici, consigli da insider e offerte esclusive, allora unisciti a noi nel nostro viaggio.  Iscriviti ora alla nostra newsletter o seguici sui nostri canali social media. Cos\u00ec il tuo sogno d'Islanda rimarr\u00e0 vivo, finch\u00e9 non lo vivrai di persona.<br \/>                <div class=\"ml-embedded\" data-form=\"0TO5oK\"><\/div>\n            <\/p>\n<hr class=\"wp-block-separator has-alpha-channel-opacity\">\n<p style=\"font-family: Arial, sans-serif; font-size: 18px; color: #333; text-align: left;\"><strong>Lasciati ispirare e seguici!<\/strong><br \/>Non perdere nessuna novit\u00e0, consiglio di viaggio e immagini mozzafiato dall'Islanda.<\/p>\n<div style=\"text-align: center; margin-top: 20px;\"><a href=\"https:\/\/www.facebook.com\/iceland.ch\" target=\"_blank\" style=\"text-decoration: none; margin: 0 15px;\" rel=\"noopener\"><br \/><img decoding=\"async\" src=\"https:\/\/upload.wikimedia.org\/wikipedia\/commons\/5\/51\/Facebook_f_logo_%282019%29.svg\" alt=\"Facebook\" style=\"width: 50px; height: 50px;\" title=\"\"><br \/><\/a><br \/><a href=\"https:\/\/www.youtube.com\/@iceland.ch\" target=\"_blank\" style=\"text-decoration: none; margin: 0 15px;\" rel=\"noopener\"><br \/><img decoding=\"async\" src=\"https:\/\/upload.wikimedia.org\/wikipedia\/commons\/0\/09\/YouTube_full-color_icon_%282017%29.svg\" alt=\"YouTube\" style=\"width: 50px; height: 50px;\" title=\"\"><br \/><\/a><br \/><a href=\"https:\/\/www.instagram.com\/mjollnirswitzerland\/\" target=\"_blank\" style=\"text-decoration: none; margin: 0 15px;\" rel=\"noopener\"><br \/><img decoding=\"async\" src=\"https:\/\/upload.wikimedia.org\/wikipedia\/commons\/a\/a5\/Instagram_icon.png\" alt=\"Instagram\" style=\"width: 50px; height: 50px;\" title=\"\"><br \/><\/a><\/div>\n<\/div><\/div>\n<\/div>\n<\/div>\n<\/div>","protected":false},"excerpt":{"rendered":"","protected":false},"author":1,"featured_media":0,"parent":0,"menu_order":0,"comment_status":"closed","ping_status":"closed","template":"","meta":{"_acf_changed":false,"footnotes":""},"class_list":["post-31830","page","type-page","status-publish","hentry"],"acf":[],"jetpack_sharing_enabled":true,"_links":{"self":[{"href":"https:\/\/www.iceland.ch\/it\/wp-json\/wp\/v2\/pages\/31830","targetHints":{"allow":["GET"]}}],"collection":[{"href":"https:\/\/www.iceland.ch\/it\/wp-json\/wp\/v2\/pages"}],"about":[{"href":"https:\/\/www.iceland.ch\/it\/wp-json\/wp\/v2\/types\/page"}],"author":[{"embeddable":true,"href":"https:\/\/www.iceland.ch\/it\/wp-json\/wp\/v2\/users\/1"}],"replies":[{"embeddable":true,"href":"https:\/\/www.iceland.ch\/it\/wp-json\/wp\/v2\/comments?post=31830"}],"version-history":[{"count":3,"href":"https:\/\/www.iceland.ch\/it\/wp-json\/wp\/v2\/pages\/31830\/revisions"}],"predecessor-version":[{"id":31889,"href":"https:\/\/www.iceland.ch\/it\/wp-json\/wp\/v2\/pages\/31830\/revisions\/31889"}],"wp:attachment":[{"href":"https:\/\/www.iceland.ch\/it\/wp-json\/wp\/v2\/media?parent=31830"}],"curies":[{"name":"wp","href":"https:\/\/api.w.org\/{rel}","templated":true}]}}