{"id":31821,"date":"2025-09-29T11:48:51","date_gmt":"2025-09-29T09:48:51","guid":{"rendered":"https:\/\/www.iceland.ch\/viaggiare-in-modo-sostenibile-scoprire-responsabilmente\/"},"modified":"2026-05-11T19:28:58","modified_gmt":"2026-05-11T17:28:58","slug":"viaggiare-in-modo-sostenibile-scoprire-responsabilmente","status":"publish","type":"page","link":"https:\/\/www.iceland.ch\/it\/viaggiare-in-modo-sostenibile-scoprire-responsabilmente\/","title":{"rendered":"Viaggiare in modo sostenibile, scoprire responsabilmente"},"content":{"rendered":"\n<div class=\"wp-block-media-text is-stacked-on-mobile\"><figure class=\"wp-block-media-text__media\"><img decoding=\"async\" width=\"1024\" height=\"1024\" src=\"https:\/\/www.iceland.ch\/wp-content\/uploads\/2025\/09\/Gemini_Generated_Image_nqtc8nnqtc8nnqtc.png\" alt=\"\" class=\"wp-image-31402 size-full\" title=\"\" srcset=\"https:\/\/www.iceland.ch\/wp-content\/uploads\/2025\/09\/Gemini_Generated_Image_nqtc8nnqtc8nnqtc.png 1024w, https:\/\/www.iceland.ch\/wp-content\/uploads\/2025\/09\/Gemini_Generated_Image_nqtc8nnqtc8nnqtc-980x980.png 980w, https:\/\/www.iceland.ch\/wp-content\/uploads\/2025\/09\/Gemini_Generated_Image_nqtc8nnqtc8nnqtc-480x480.png 480w\" sizes=\"(min-width: 0px) and (max-width: 480px) 480px, (min-width: 481px) and (max-width: 980px) 980px, (min-width: 981px) 1024px, 100vw\" \/><\/figure><div class=\"wp-block-media-text__content\">\n<h2 class=\"wp-block-heading\">Viaggi in camper \u2013 L'alternativa sostenibile<\/h2>\n\n\n\n<p>Uno dei maggiori punti di forza di un viaggio in camper \u00e8 il fatto che non \u00e8 necessario costruire infrastrutture aggiuntive come hotel, pensioni o ristoranti che disturbino il paesaggio. Viaggi con la tua casa su ruote e utilizzi cos\u00ec l'infrastruttura esistente nei campeggi. <\/p>\n\n\n\n<p>Diversi studi dimostrano che le vacanze in camper sono una delle forme di viaggio pi\u00f9 sostenibili, soprattutto rispetto alla combinazione di volo, auto a noleggio e hotel. Mentre l'infrastruttura alberghiera richiede un'enorme quantit\u00e0 di energia per riscaldamento, aria condizionata e ristorazione, il camper permette un viaggio consapevole e rispettoso delle risorse. Decidi tu stesso il tuo consumo e sei direttamente connesso con la natura \u2013 questo rende naturale l'uso consapevole di acqua ed elettricit\u00e0.  <\/p>\n\n\n\n<p>Siamo lieti di accompagnarti nella tua avventura sostenibile in Islanda e di lasciare insieme un'impronta positiva.<\/p>\n<\/div><\/div>\n\n<p>Per noi la sostenibilit\u00e0 non \u00e8 solo una tendenza, ma un impegno che viviamo fin dall'inizio della nostra azienda. Il nostro obiettivo era ed \u00e8 che i nostri clienti lascino ogni luogo pi\u00f9 pulito di come lo hanno trovato. Questo \u00e8 il fulcro del nostro agire.  <\/p>\n\n<p>Abbiamo investito precocemente in infrastrutture ecologiche, ad esempio in un separatore d'olio del valore di 30.000 CHF, per garantire che nessuna sostanza nociva finisca nell'ambiente. Inoltre, abbiamo introdotto un nostro sistema di riciclaggio presso la nostra stazione, dove i nostri clienti possono consegnare le loro bottiglie e i loro vuoti. Ci occupiamo dello smaltimento professionale, affinch\u00e9 l'Islanda rimanga pulita.  <\/p>\n\n<hr class=\"wp-block-separator has-alpha-channel-opacity\"\/>\n\n<p><\/p>\n","protected":false},"excerpt":{"rendered":"<p>Viaggi in camper \u2013 L&#8217;alternativa sostenibile Uno dei maggiori punti di forza di un viaggio in camper \u00e8 il fatto che non \u00e8 necessario costruire infrastrutture aggiuntive come hotel, pensioni o ristoranti che disturbino il paesaggio. Viaggi con la tua casa su ruote e utilizzi cos\u00ec l&#8217;infrastruttura esistente nei campeggi. Diversi studi dimostrano che le [&hellip;]<\/p>\n","protected":false},"author":1,"featured_media":31822,"parent":0,"menu_order":0,"comment_status":"closed","ping_status":"closed","template":"","meta":{"_acf_changed":false,"footnotes":""},"class_list":["post-31821","page","type-page","status-publish","has-post-thumbnail","hentry"],"acf":[],"jetpack_sharing_enabled":true,"_links":{"self":[{"href":"https:\/\/www.iceland.ch\/it\/wp-json\/wp\/v2\/pages\/31821","targetHints":{"allow":["GET"]}}],"collection":[{"href":"https:\/\/www.iceland.ch\/it\/wp-json\/wp\/v2\/pages"}],"about":[{"href":"https:\/\/www.iceland.ch\/it\/wp-json\/wp\/v2\/types\/page"}],"author":[{"embeddable":true,"href":"https:\/\/www.iceland.ch\/it\/wp-json\/wp\/v2\/users\/1"}],"replies":[{"embeddable":true,"href":"https:\/\/www.iceland.ch\/it\/wp-json\/wp\/v2\/comments?post=31821"}],"version-history":[{"count":0,"href":"https:\/\/www.iceland.ch\/it\/wp-json\/wp\/v2\/pages\/31821\/revisions"}],"wp:featuredmedia":[{"embeddable":true,"href":"https:\/\/www.iceland.ch\/it\/wp-json\/wp\/v2\/media\/31822"}],"wp:attachment":[{"href":"https:\/\/www.iceland.ch\/it\/wp-json\/wp\/v2\/media?parent=31821"}],"curies":[{"name":"wp","href":"https:\/\/api.w.org\/{rel}","templated":true}]}}