{"id":31862,"date":"2021-01-06T16:39:12","date_gmt":"2021-01-06T15:39:12","guid":{"rendered":"https:\/\/www.iceland.ch\/conseil-debut\/"},"modified":"2026-05-11T19:31:20","modified_gmt":"2026-05-11T17:31:20","slug":"conseil-debut","status":"publish","type":"page","link":"https:\/\/www.iceland.ch\/fr\/conseil-debut\/","title":{"rendered":"Conseil &#8211; D\u00e9but"},"content":{"rendered":"<div class=\"et_pb_section_0 et_pb_section et_section_specialty et_pb_equal_columns et_pb_gutters1 et_block_section section_has_divider et_pb_bottom_divider\"><div class=\"et_pb_row et_block_row\"><div class=\"et_pb_column_0 et_pb_column et_pb_column_single et_pb_column_1_2 et_block_column et_pb_css_mix_blend_mode_passthrough\"><div class=\"et_pb_divider_0 et_pb_divider_hidden et_pb_space et_pb_divider_position_top et_pb_module\"><div class=\"et_pb_divider_internal\"><\/div><\/div><\/div><div class=\"et_pb_column_1 et_pb_column et_pb_specialty_column et_pb_column_1_2 et-last-child et_block_column et_pb_css_mix_blend_mode_passthrough\"><div class=\"et_pb_row_inner_0 et_pb_row_inner et_block_row\"><div class=\"et_pb_column_inner_0 et_pb_column_inner et_pb_column et_pb_column_4_4 et-last-child et_block_column et_pb_css_mix_blend_mode_passthrough\"><div class=\"et_pb_text_0 et_pb_text et_pb_bg_layout_light et_animated et_pb_module et_block_module\"><div class=\"et_pb_text_inner\"><h2>Notre collaboration commence<\/h2>\n<h6>Mjollnir GmbH<\/h6>\n<\/div><\/div><div class=\"et_pb_text_1 et_pb_text et_pb_bg_layout_light et_animated et_pb_module et_block_module\"><div class=\"et_pb_text_inner\"><h1>Vous souhaitez partir en Islande et recherchez les meilleurs conseils ?<\/h1>\n<\/div><\/div><div class=\"et_pb_module et_pb_button_module_wrapper et_pb_button_0_wrapper\"><a class=\"et_pb_button_0 et_pb_button et_pb_bg_layout_light et_pb_module et_block_module\" href=\"https:\/\/www.mjollnir.ch\/wp-content\/uploads\/2021\/05\/AGB_Mjollnir_Triengen_2020.pdf\" target=\"_blank\" data-icon=\"$\" rel=\"noopener\">CGV<\/a><\/div><\/div><\/div><div class=\"et_pb_row_inner_1 et_pb_row_inner et_pb_equal_columns et_block_row\"><div class=\"et_pb_column_inner_1 et_pb_column_inner et_pb_column et_pb_column_1_4 et_block_column et_pb_css_mix_blend_mode_passthrough\"><div class=\"et_pb_cta_0 et_pb_promo et_pb_bg_layout_light et_animated et_pb_module et_block_module\"><div class=\"et_pb_promo_description\"><h3 class=\"et_pb_module_header\">Votre voyage de r\u00eave<\/h3><div class=\"et_pb_promo_content\"><p>Profitez de notre conseil personnalis\u00e9. La cl\u00e9 d'un voyage r\u00e9ussi en Islande. <\/p>\n<\/div><\/div><div class=\"et_pb_button_wrapper\"><a class=\"et_pb_button et_pb_promo_button\" target=\"_blank\" href=\"https:\/\/einkaufen.mjollnir.ch\/produkt\/mjollnir-beratung-islandreisen\/\" data-icon=\"$\" rel=\"noreferrer noopener\">Commencer maintenant<\/a><\/div><\/div><\/div><div class=\"et_pb_column_inner_2 et_pb_column_inner et_pb_column et_pb_column_1_4 et-last-child et_block_column et_pb_css_mix_blend_mode_passthrough\"><div class=\"et_pb_cta_1 et_pb_promo et_pb_bg_layout_light et_animated et_pb_module et_block_module\"><div class=\"et_pb_promo_description\"><h3 class=\"et_pb_module_header\">Probl\u00e8mes <\/h3><div class=\"et_pb_promo_content\"><p>Vous rencontrez des difficult\u00e9s avec votre voyage ? Pour que vous puissiez vous concentrer sur l'essentiel, faites appel \u00e0 nous. Nous nous en occupons.  <\/p>\n<\/div><\/div><div class=\"et_pb_button_wrapper\"><a class=\"et_pb_button et_pb_promo_button\" target=\"_blank\" href=\"https:\/\/einkaufen.mjollnir.ch\/produkt\/mjollnir-beratung-startpaket\/\" data-icon=\"$\" rel=\"noreferrer noopener\">C&#039;est parti<\/a><\/div><\/div><\/div><\/div><\/div><\/div><div class=\"et_pb_bottom_inside_divider et-no-transition\"><\/div><\/div><div class=\"et_pb_section_1 et_pb_section et_section_regular et_block_section section_has_divider et_pb_bottom_divider\"><div class=\"et_pb_row_0 et_pb_row et_block_row\"><div class=\"et_pb_column_2 et_pb_column et_pb_column_1_5 et_block_column et_pb_column_empty et_pb_css_mix_blend_mode_passthrough\"><\/div><div class=\"et_pb_column_3 et_pb_column et_pb_column_3_5 et_block_column et_pb_css_mix_blend_mode_passthrough\"><div class=\"et_pb_text_2 et_pb_text et_pb_bg_layout_dark et_animated et_pb_module et_block_module et_pb_text_align_right\"><div class=\"et_pb_text_inner\"><h6 style=\"text-align: left;\">Nous vous accompagnons sur le chemin du succ\u00e8s<\/h6>\n<h2 style=\"text-align: left;\">En bref<\/h2>\n<p style=\"text-align: left;\"><span style=\"font-size: medium;\">Notre famille vend des voyages depuis les ann\u00e9es soixante. Notre savoir-faire porte principalement sur notre seconde patrie, l'Islande. Nous sommes binationaux, d'origine islandaise et suisse. Nous poss\u00e9dons une soci\u00e9t\u00e9 de location de camping-cars et connaissons donc les circuits autour ou \u00e0 travers l'Islande comme notre poche. Si vous recherchez d'autres prestations ou des conseils sur le pays et ses habitants, vous \u00eates au bon endroit.     <\/span><\/p>\n<p style=\"text-align: left;\">\n<\/div><\/div><\/div><div class=\"et_pb_column_4 et_pb_column et_pb_column_1_5 et-last-child et_block_column et_pb_column_empty et_pb_css_mix_blend_mode_passthrough\"><\/div><\/div><div class=\"et_pb_row_1 et_pb_row et_block_row\"><div class=\"et_pb_column_5 et_pb_column et_pb_column_4_4 et-last-child et_block_column et_pb_css_mix_blend_mode_passthrough\"><div class=\"et_pb_blurb_0 et_pb_blurb et_pb_bg_layout_light et_pb_blurb_position_top et_pb_module et_block_module\"><div class=\"et_pb_blurb_content\"><div class=\"et_pb_main_blurb_image et_animated\"><span class=\"et_pb_image_wrap\"><span class=\"et-pb-icon\">\ue01c<\/span><\/span><\/div><div class=\"et_pb_blurb_container\"><h4 class=\"et_pb_module_header\">CONSEIL VOYAGE<\/h4><div class=\"et_pb_blurb_description\"><p>Si vous \u00eates int\u00e9ress\u00e9 par notre conseil voyage, vous pouvez profiter de notre offre de conseil. Le prix comprend le conseil et l'\u00e9tablissement d'une proposition. En cas de r\u00e9servation, le montant vous sera cr\u00e9dit\u00e9. R\u00e9servez le produit maintenant.   <\/p>\n<\/div><\/div><\/div><\/div><\/div><\/div><div class=\"et_pb_row_2 et_pb_row et_block_row\"><div class=\"et_pb_column_6 et_pb_column et_pb_column_4_4 et-last-child et_block_column et_pb_css_mix_blend_mode_passthrough\"><div class=\"et_pb_blurb_1 et_pb_blurb et_pb_bg_layout_light et_pb_blurb_position_top et_pb_module et_block_module\"><div class=\"et_pb_blurb_content\"><div class=\"et_pb_main_blurb_image et_animated\"><span class=\"et_pb_image_wrap\"><span class=\"et-pb-icon\">\ue106<\/span><\/span><\/div><div class=\"et_pb_blurb_container\"><h4 class=\"et_pb_module_header\">CONSEIL GRATUIT<\/h4><div class=\"et_pb_blurb_description\"><p>Naturellement, nous d\u00e9duisons les frais de conseil en cas de r\u00e9servation. Si vous pr\u00e9f\u00e9rez r\u00e9server vous-m\u00eame sur Internet ou vous adresser \u00e0 une agence de voyages, vous pouvez n\u00e9anmoins profiter de notre conseil payant. Les Islandais connaissent mieux l'Islande.   <\/p>\n<\/div><\/div><\/div><\/div><\/div><\/div><div class=\"et_pb_bottom_inside_divider et-no-transition\"><\/div><\/div><div class=\"et_pb_section_2 et_pb_section et_section_regular et_block_section section_has_divider et_pb_bottom_divider\"><div class=\"et_pb_row_3 et_pb_row et_pb_row_4col et_pb_equal_columns et_pb_gutters1 et_block_row et_block_row_4col et_pb_row_fullwidth\"><div class=\"et_pb_column_7 et_pb_column et_pb_column_1_4 et_block_column et_pb_css_mix_blend_mode_passthrough\"><div class=\"et_pb_blurb_2 et_pb_blurb et_pb_bg_layout_dark et_pb_text_align_center et_pb_blurb_position_top et_animated et_pb_module et_block_module\"><div class=\"et_pb_blurb_content\"><div class=\"et_pb_main_blurb_image et_animated\"><span class=\"et_pb_image_wrap\"><span class=\"et-pb-icon\">\ue0f5<\/span><\/span><\/div><div class=\"et_pb_blurb_container\"><h3 class=\"et_pb_module_header\">D\u00e9finir des objectifs<\/h3><div class=\"et_pb_blurb_description\"><p>D\u00e9finissez vos objectifs et poursuivez-les<\/p>\n<\/div><\/div><\/div><\/div><\/div><div class=\"et_pb_column_8 et_pb_column et_pb_column_1_4 et_block_column et_pb_css_mix_blend_mode_passthrough\"><div class=\"et_pb_blurb_3 et_pb_blurb et_pb_bg_layout_dark et_pb_text_align_center et_pb_blurb_position_top et_animated et_pb_module et_block_module\"><div class=\"et_pb_blurb_content\"><div class=\"et_pb_main_blurb_image et_animated\"><span class=\"et_pb_image_wrap\"><span class=\"et-pb-icon\">\ue08b<\/span><\/span><\/div><div class=\"et_pb_blurb_container\"><h3 class=\"et_pb_module_header\">Collaboration<\/h3><div class=\"et_pb_blurb_description\"><p>Nous vous \u00e9coutons et vous proposons des solutions<\/p>\n<\/div><\/div><\/div><\/div><\/div><div class=\"et_pb_column_9 et_pb_column et_pb_column_1_4 et_block_column et_pb_css_mix_blend_mode_passthrough\"><div class=\"et_pb_blurb_4 et_pb_blurb et_pb_bg_layout_dark et_pb_text_align_center et_pb_blurb_position_top et_animated et_pb_module et_block_module\"><div class=\"et_pb_blurb_content\"><div class=\"et_pb_main_blurb_image et_animated\"><span class=\"et_pb_image_wrap\"><span class=\"et-pb-icon\">\ue089<\/span><\/span><\/div><div class=\"et_pb_blurb_container\"><h3 class=\"et_pb_module_header\">Gestion du stress<\/h3><div class=\"et_pb_blurb_description\"><p>Concentrez-vous sur ce que vous faites le mieux. Nous nous occupons du reste  <\/p>\n<\/div><\/div><\/div><\/div><\/div><div class=\"et_pb_column_10 et_pb_column et_pb_column_1_4 et-last-child et_block_column et_pb_css_mix_blend_mode_passthrough\"><div class=\"et_pb_blurb_5 et_pb_blurb et_pb_bg_layout_dark et_pb_text_align_center et_pb_blurb_position_top et_animated et_pb_module et_block_module\"><div class=\"et_pb_blurb_content\"><div class=\"et_pb_main_blurb_image et_animated\"><span class=\"et_pb_image_wrap\"><span class=\"et-pb-icon\">\ue085<\/span><\/span><\/div><div class=\"et_pb_blurb_container\"><h3 class=\"et_pb_module_header\">R\u00e9seau<\/h3><div class=\"et_pb_blurb_description\"><p>Gr\u00e2ce \u00e0 notre longue exp\u00e9rience, nous pouvons vous pr\u00e9senter des partenaires potentiels<\/p>\n<\/div><\/div><\/div><\/div><\/div><\/div><div class=\"et_pb_bottom_inside_divider et-no-transition\"><\/div><\/div>","protected":false},"excerpt":{"rendered":"","protected":false},"author":1,"featured_media":31863,"parent":0,"menu_order":0,"comment_status":"closed","ping_status":"closed","template":"","meta":{"_acf_changed":false,"footnotes":""},"class_list":["post-31862","page","type-page","status-publish","has-post-thumbnail","hentry"],"acf":[],"jetpack_sharing_enabled":true,"_links":{"self":[{"href":"https:\/\/www.iceland.ch\/fr\/wp-json\/wp\/v2\/pages\/31862","targetHints":{"allow":["GET"]}}],"collection":[{"href":"https:\/\/www.iceland.ch\/fr\/wp-json\/wp\/v2\/pages"}],"about":[{"href":"https:\/\/www.iceland.ch\/fr\/wp-json\/wp\/v2\/types\/page"}],"author":[{"embeddable":true,"href":"https:\/\/www.iceland.ch\/fr\/wp-json\/wp\/v2\/users\/1"}],"replies":[{"embeddable":true,"href":"https:\/\/www.iceland.ch\/fr\/wp-json\/wp\/v2\/comments?post=31862"}],"version-history":[{"count":0,"href":"https:\/\/www.iceland.ch\/fr\/wp-json\/wp\/v2\/pages\/31862\/revisions"}],"wp:featuredmedia":[{"embeddable":true,"href":"https:\/\/www.iceland.ch\/fr\/wp-json\/wp\/v2\/media\/31863"}],"wp:attachment":[{"href":"https:\/\/www.iceland.ch\/fr\/wp-json\/wp\/v2\/media?parent=31862"}],"curies":[{"name":"wp","href":"https:\/\/api.w.org\/{rel}","templated":true}]}}