{"id":31854,"date":"2021-03-15T13:52:12","date_gmt":"2021-03-15T12:52:12","guid":{"rendered":"https:\/\/www.iceland.ch\/manager-de-transition\/"},"modified":"2026-05-11T19:31:02","modified_gmt":"2026-05-11T17:31:02","slug":"manager-de-transition","status":"publish","type":"page","link":"https:\/\/www.iceland.ch\/fr\/manager-de-transition\/","title":{"rendered":"Manager de transition"},"content":{"rendered":"<div class=\"et_pb_section_0 et_pb_section et_pb_fullwidth_section et_section_regular et_block_section\"><section class=\"et_pb_fullwidth_header_0 et_pb_fullwidth_header et_pb_bg_layout_dark et_pb_text_align_left et_pb_section_parallax et_pb_module et_flex_module\"><span class=\"et-pb-parallax-wrapper\"><span class=\"et-pb-parallax-background et-pb-parallax-background-module--divi-fullwidth-header-0\" style=\"background-image:url(https:\/\/www.mjollnir.ch\/wp-content\/uploads\/2021\/03\/consultant-04.jpg)\"><\/span><\/span><div class=\"et_pb_fullwidth_header_container left\"><div class=\"header-content-container center\"><div class=\"header-content et_flex_module\"><h1 class=\"et_pb_module_header\">Manager de transition<\/h1><span class=\"et_pb_fullwidth_header_subhead\">Intervention imm\u00e9diate<\/span><div class=\"et_pb_header_content_wrapper\"><p>&nbsp;<\/p>\n<p>Lorsqu'un impr\u00e9vu survient et qu'un dirigeant est requis imm\u00e9diatement. <\/p>\n<\/div><div class=\"et_pb_header_button_wrapper\"><\/div><\/div><\/div><\/div><div class=\"et_pb_fullwidth_header_overlay\"><\/div><div class=\"et_pb_fullwidth_header_scroll\"><\/div><\/section><\/div><div class=\"et_pb_section_1 et_pb_section et_section_regular et_block_section\"><div class=\"et_pb_row_0 et_pb_row et_block_row et_animated\"><div class=\"et_pb_column_0 et_pb_column et_pb_column_1_3 et_block_column et_pb_css_mix_blend_mode_passthrough\"><div class=\"et_pb_text_0 et_pb_text et_pb_bg_layout_light et_pb_module et_block_module\"><div class=\"et_pb_text_inner\"><h3>Avez-vous besoin d'une aide rapide ?<\/h3>\n<h2>Temporaire ou permanent<\/h2>\n<\/div><\/div><div class=\"et_pb_divider_0 et_pb_divider et_pb_space et_pb_divider_position_top et_pb_module\"><div class=\"et_pb_divider_internal\"><\/div><\/div><div class=\"et_pb_text_1 et_pb_text et_pb_bg_layout_light et_pb_module et_block_module\"><div class=\"et_pb_text_inner\"><p>En tant que manager de transition, la confiance mutuelle est primordiale. Contactez-nous sans tarder.  <\/p>\n<\/div><\/div><div class=\"et_pb_module et_pb_button_module_wrapper et_pb_button_0_wrapper\"><a class=\"et_pb_button_0 et_pb_button et_pb_bg_layout_light et_pb_module et_block_module\" href=\"mailto:info@mjollnir.ch\" data-icon=\"$\">Nous contacter<\/a><\/div><\/div><div class=\"et_pb_column_1 et_pb_column et_pb_column_2_3 et-last-child et_block_column et_pb_css_mix_blend_mode_passthrough\"><div class=\"et_pb_blurb_0 et_pb_blurb et_pb_bg_layout_light et_pb_text_align_center et_pb_blurb_position_left et_animated et_pb_module et_block_module\"><div class=\"et_pb_blurb_content\"><div class=\"et_pb_main_blurb_image\"><span class=\"et_pb_image_wrap\"><span class=\"et-pb-icon\">\ue065<\/span><\/span><\/div><div class=\"et_pb_blurb_container\"><h4 class=\"et_pb_module_header\">Chaque minute compte<\/h4><div class=\"et_pb_blurb_description\"><p>Vous avez besoin d'une solution imm\u00e9diate<\/p>\n<\/div><\/div><\/div><\/div><div class=\"et_pb_blurb_1 et_pb_blurb et_pb_bg_layout_light et_pb_text_align_center et_pb_blurb_position_left et_animated et_pb_module et_block_module\"><div class=\"et_pb_blurb_content\"><div class=\"et_pb_main_blurb_image\"><span class=\"et_pb_image_wrap\"><span class=\"et-pb-icon\">\ue029<\/span><\/span><\/div><div class=\"et_pb_blurb_container\"><h4 class=\"et_pb_module_header\">Diriger et assumer les responsabilit\u00e9s<\/h4><div class=\"et_pb_blurb_description\"><p>Nous nous familiarisons rapidement avec la situation. L'objectif est de maintenir ou d'atteindre une situation stable.  <\/p>\n<\/div><\/div><\/div><\/div><div class=\"et_pb_blurb_2 et_pb_blurb et_pb_bg_layout_light et_pb_text_align_center et_pb_blurb_position_left et_animated et_pb_module et_block_module\"><div class=\"et_pb_blurb_content\"><div class=\"et_pb_main_blurb_image\"><span class=\"et_pb_image_wrap\"><span class=\"et-pb-icon\">\ue06f<\/span><\/span><\/div><div class=\"et_pb_blurb_container\"><h4 class=\"et_pb_module_header\">Faire des propositions<\/h4><div class=\"et_pb_blurb_description\"><p>Pendant notre mission, nous formulons des propositions pour augmenter les revenus et optimiser les d\u00e9penses.<\/p>\n<\/div><\/div><\/div><\/div><div class=\"et_pb_blurb_3 et_pb_blurb et_pb_bg_layout_light et_pb_text_align_center et_pb_blurb_position_left et_animated et_pb_module et_block_module\"><div class=\"et_pb_blurb_content\"><div class=\"et_pb_main_blurb_image\"><span class=\"et_pb_image_wrap\"><span class=\"et-pb-icon\">\ue072<\/span><\/span><\/div><div class=\"et_pb_blurb_container\"><h4 class=\"et_pb_module_header\">Temporaire jusqu'\u00e0 la r\u00e9solution<\/h4><div class=\"et_pb_blurb_description\"><p>Nous vous accompagnons jusqu'\u00e0 ce que vous trouviez une solution \u00e0 long terme.<\/p>\n<\/div><\/div><\/div><\/div><div class=\"et_pb_blurb_4 et_pb_blurb et_pb_bg_layout_light et_pb_text_align_center et_pb_blurb_position_left et_animated et_pb_module et_block_module\"><div class=\"et_pb_blurb_content\"><div class=\"et_pb_main_blurb_image\"><span class=\"et_pb_image_wrap\"><span class=\"et-pb-icon\">\ue0f9<\/span><\/span><\/div><div class=\"et_pb_blurb_container\"><h4 class=\"et_pb_module_header\">\u00c0 long terme<\/h4><div class=\"et_pb_blurb_description\"><p>Si vous voyez l'avenir en nous, une coop\u00e9ration \u00e0 long terme s'\u00e9tablira. <\/p>\n<\/div><\/div><\/div><\/div><\/div><\/div><\/div><div class=\"et_pb_section_2 et_pb_section et_section_regular et_block_section\"><div class=\"et_pb_row_1 et_pb_row et_block_row\"><div class=\"et_pb_column_2 et_pb_column et_pb_column_4_4 et-last-child et_block_column et_pb_css_mix_blend_mode_passthrough\"><div class=\"et_pb_text_2 et_pb_text et_pb_bg_layout_dark et_pb_module et_block_module et_pb_text_align_center\"><div class=\"et_pb_text_inner\"><h3>\u00c0 propos de nous<\/h3>\n<h2>R\u00e9solution de probl\u00e8mes et disponibilit\u00e9 transparente<\/h2>\n<\/div><\/div><div class=\"et_pb_divider_1 et_pb_divider et_pb_space et_pb_divider_position_top et_pb_module\"><div class=\"et_pb_divider_internal\"><\/div><\/div><\/div><\/div><div class=\"et_pb_row_2 et_pb_row et_block_row\"><div class=\"et_pb_column_3 et_pb_column et_pb_column_1_3 et_block_column et_pb_css_mix_blend_mode_passthrough\"><div class=\"et_pb_blurb_5 et_pb_blurb et_pb_bg_layout_light et_pb_text_align_center et_pb_blurb_position_top et_animated et_pb_module et_block_module\"><div class=\"et_pb_blurb_content\"><div class=\"et_pb_main_blurb_image\"><span class=\"et_pb_image_wrap\"><span class=\"et-pb-icon\">\ue0f0<\/span><\/span><\/div><div class=\"et_pb_blurb_container\"><h4 class=\"et_pb_module_header\">Depuis 2006 <\/h4><div class=\"et_pb_blurb_description\"><p>Nous sommes en activit\u00e9 avec succ\u00e8s depuis 2006. <\/p>\n<\/div><\/div><\/div><\/div><\/div><div class=\"et_pb_column_4 et_pb_column et_pb_column_1_3 et_block_column et_pb_css_mix_blend_mode_passthrough\"><div class=\"et_pb_blurb_6 et_pb_blurb et_pb_bg_layout_light et_pb_text_align_center et_pb_blurb_position_top et_animated et_pb_module et_block_module\"><div class=\"et_pb_blurb_content\"><div class=\"et_pb_main_blurb_image\"><span class=\"et_pb_image_wrap\"><span class=\"et-pb-icon\">\ue083<\/span><\/span><\/div><div class=\"et_pb_blurb_container\"><h4 class=\"et_pb_module_header\">Hors des sentiers battus<\/h4><div class=\"et_pb_blurb_description\"><p>Gr\u00e2ce \u00e0 notre champ d'action international, nous sommes habitu\u00e9s \u00e0 de nombreuses situations. <\/p>\n<\/div><\/div><\/div><\/div><\/div><div class=\"et_pb_column_5 et_pb_column et_pb_column_1_3 et-last-child et_block_column et_pb_css_mix_blend_mode_passthrough\"><div class=\"et_pb_blurb_7 et_pb_blurb et_pb_bg_layout_light et_pb_text_align_center et_pb_blurb_position_top et_animated et_pb_module et_block_module\"><div class=\"et_pb_blurb_content\"><div class=\"et_pb_main_blurb_image\"><span class=\"et_pb_image_wrap\"><span class=\"et-pb-icon\">\ue0f5<\/span><\/span><\/div><div class=\"et_pb_blurb_container\"><h4 class=\"et_pb_module_header\">R\u00e9silient<\/h4><div class=\"et_pb_blurb_description\"><p>Nous sommes r\u00e9silients, flexibles et rapidement disponibles. <\/p>\n<\/div><\/div><\/div><\/div><\/div><\/div><\/div><div class=\"et_pb_section_3 et_pb_section et_section_regular et_block_section\"><div class=\"et_pb_row_3 et_pb_row et_block_row\"><div class=\"et_pb_column_6 et_pb_column et_pb_column_4_4 et-last-child et_block_column et_pb_css_mix_blend_mode_passthrough\"><div class=\"et_pb_text_3 et_pb_text et_pb_bg_layout_light et_pb_module et_block_module et_pb_text_align_center\"><div class=\"et_pb_text_inner\"><h3>Histoires de r\u00e9ussite<\/h3>\n<h2>\u00c9tablir la confiance prend du temps et constitue la plus haute reconnaissance de notre travail. <\/h2>\n<\/div><\/div><div class=\"et_pb_divider_2 et_pb_divider et_pb_space et_pb_divider_position_top et_pb_module\"><div class=\"et_pb_divider_internal\"><\/div><\/div><\/div><\/div><\/div><div class=\"et_pb_section_4 et_pb_section et_section_regular et_block_section\"><div class=\"et_pb_row_4 et_pb_row et_block_row et_animated\"><div class=\"et_pb_column_7 et_pb_column et_pb_column_1_2 et_block_column et_pb_css_mix_blend_mode_passthrough\"><div class=\"et_pb_text_4 et_pb_text et_pb_bg_layout_dark et_pb_module et_block_module\"><div class=\"et_pb_text_inner\"><h3>2008<\/h3>\n<h2>Premi\u00e8re mission<\/h2>\n<\/div><\/div><div class=\"et_pb_divider_3 et_pb_divider et_pb_space et_pb_divider_position_top et_pb_module\"><div class=\"et_pb_divider_internal\"><\/div><\/div><div class=\"et_pb_text_5 et_pb_text et_pb_bg_layout_dark et_pb_module et_block_module\"><div class=\"et_pb_text_inner\"><p>\u00c0 l'\u00e9poque, un directeur et propri\u00e9taire de plusieurs entreprises a eu un grave accident de voiture. Nous nous sommes imm\u00e9diatement occup\u00e9s des entreprises et avons ensuite \u00e9t\u00e9 nomm\u00e9s tuteurs financiers. <\/p>\n<p>Depuis lors, il y a peu de choses que nous n'ayons pas d\u00e9j\u00e0 v\u00e9cues. Des coups du sort majeurs dans la direction d'entreprise, des probl\u00e8mes ou des situations plus simples comme le d\u00e9part d'un dirigeant.  <\/p>\n<p>Forts d'une riche exp\u00e9rience, nous sommes \u00e0 votre disposition. <\/p>\n<p>&nbsp;<\/p>\n<\/div><\/div><div class=\"et_pb_module et_pb_button_module_wrapper et_pb_button_1_wrapper\"><a class=\"et_pb_button_1 et_pb_button et_pb_bg_layout_light et_pb_module et_block_module\" href=\"https:\/\/www.iceland.ch\/ueber-uns\/\" data-icon=\"$\">\u00c0 propos de moi<\/a><\/div><\/div><div class=\"et_pb_column_8 et_pb_column et_pb_column_1_2 et-last-child et_block_column et_pb_column_empty et_pb_css_mix_blend_mode_passthrough\"><\/div><\/div><\/div><div class=\"et_pb_section_5 et_pb_section et_section_regular et_block_section\"><\/div>","protected":false},"excerpt":{"rendered":"","protected":false},"author":1,"featured_media":0,"parent":0,"menu_order":0,"comment_status":"closed","ping_status":"closed","template":"","meta":{"_acf_changed":false,"footnotes":""},"class_list":["post-31854","page","type-page","status-publish","hentry"],"acf":[],"jetpack_sharing_enabled":true,"_links":{"self":[{"href":"https:\/\/www.iceland.ch\/fr\/wp-json\/wp\/v2\/pages\/31854","targetHints":{"allow":["GET"]}}],"collection":[{"href":"https:\/\/www.iceland.ch\/fr\/wp-json\/wp\/v2\/pages"}],"about":[{"href":"https:\/\/www.iceland.ch\/fr\/wp-json\/wp\/v2\/types\/page"}],"author":[{"embeddable":true,"href":"https:\/\/www.iceland.ch\/fr\/wp-json\/wp\/v2\/users\/1"}],"replies":[{"embeddable":true,"href":"https:\/\/www.iceland.ch\/fr\/wp-json\/wp\/v2\/comments?post=31854"}],"version-history":[{"count":0,"href":"https:\/\/www.iceland.ch\/fr\/wp-json\/wp\/v2\/pages\/31854\/revisions"}],"wp:attachment":[{"href":"https:\/\/www.iceland.ch\/fr\/wp-json\/wp\/v2\/media?parent=31854"}],"curies":[{"name":"wp","href":"https:\/\/api.w.org\/{rel}","templated":true}]}}