{"id":31847,"date":"2021-04-18T17:29:28","date_gmt":"2021-04-18T15:29:28","guid":{"rendered":"https:\/\/www.iceland.ch\/politique-de-confidentialite\/"},"modified":"2026-05-11T19:30:18","modified_gmt":"2026-05-11T17:30:18","slug":"politique-de-confidentialite","status":"publish","type":"page","link":"https:\/\/www.iceland.ch\/fr\/politique-de-confidentialite\/","title":{"rendered":"Politique de confidentialit\u00e9"},"content":{"rendered":"&#13;\n<h2 class=\"wp-block-heading\">Qui sommes-nous<\/h2>&#13;\n&#13;\n<p>L'adresse de notre site web est : https:\/\/www.mjollnir.ch.<\/p>&#13;\n&#13;\n<h2 class=\"wp-block-heading\">Commentaires<\/h2>&#13;\n&#13;\n<p>Lorsque les visiteurs laissent des commentaires sur le site web, nous collectons les donn\u00e9es affich\u00e9es dans le formulaire de commentaire, ainsi que l'adresse IP du visiteur et la cha\u00eene de l'agent utilisateur (qui identifie le navigateur), afin de faciliter la d\u00e9tection des spams.<\/p>&#13;\n&#13;\n<p>Une cha\u00eene anonymis\u00e9e (\u00e9galement appel\u00e9e hachage) peut \u00eatre cr\u00e9\u00e9e \u00e0 partir de votre adresse e-mail et transmise au service Gravatar pour v\u00e9rifier si vous l'utilisez. La politique de confidentialit\u00e9 du service Gravatar est disponible ici : https:\/\/automattic.com\/privacy\/. Apr\u00e8s approbation de votre commentaire, votre photo de profil est visible publiquement dans le contexte de votre commentaire. <\/p>&#13;\n&#13;\n<h2 class=\"wp-block-heading\">M\u00e9dias<\/h2>&#13;\n&#13;\n<p>Si vous \u00eates un utilisateur enregistr\u00e9 et que vous t\u00e9l\u00e9chargez des photos sur ce site web, vous devriez \u00e9viter de t\u00e9l\u00e9charger des photos contenant des donn\u00e9es de localisation EXIF-GPS. Les visiteurs de ce site web pourraient t\u00e9l\u00e9charger les photos stock\u00e9es sur ce site et en extraire les informations de localisation. <\/p>&#13;\n&#13;\n<h2 class=\"wp-block-heading\">Cookies<\/h2>&#13;\n&#13;\n<p>Si vous laissez un commentaire sur notre site web, vous pouvez consentir \u00e0 ce que votre nom, votre adresse e-mail et votre site web soient enregistr\u00e9s dans des cookies. C'est une fonctionnalit\u00e9 de confort pour que vous n'ayez pas \u00e0 saisir \u00e0 nouveau toutes ces donn\u00e9es lorsque vous laissez un autre commentaire. Ces cookies sont conserv\u00e9s pendant un an.  <\/p>&#13;\n&#13;\n<p>Si vous avez un compte et que vous vous connectez \u00e0 ce site web, nous installerons un cookie temporaire pour d\u00e9terminer si votre navigateur accepte les cookies. Ce cookie ne contient aucune donn\u00e9e personnelle et est supprim\u00e9 lorsque vous fermez votre navigateur. <\/p>&#13;\n&#13;\n<p>Lorsque vous vous connectez, nous mettrons en place plusieurs cookies pour enregistrer vos informations de connexion et vos options d'affichage. Les cookies de connexion expirent apr\u00e8s deux jours et les cookies d'options d'affichage apr\u00e8s un an. Si vous s\u00e9lectionnez \u00ab Se souvenir de moi \u00bb lors de la connexion, votre connexion sera maintenue pendant deux semaines. En vous d\u00e9connectant de votre compte, les cookies de connexion seront supprim\u00e9s.   <\/p>&#13;\n&#13;\n<p>Si vous modifiez ou publiez un article, un cookie suppl\u00e9mentaire sera enregistr\u00e9 dans votre navigateur. Ce cookie ne contient aucune donn\u00e9e personnelle et indique uniquement l'ID de l'article que vous venez de modifier. Le cookie expire apr\u00e8s un jour.  <\/p>&#13;\n&#13;\n<h2 class=\"wp-block-heading\">Contenu int\u00e9gr\u00e9 d'autres sites web<\/h2>&#13;\n&#13;\n<p>Les articles de ce site web peuvent inclure des contenus int\u00e9gr\u00e9s (par exemple, des vid\u00e9os, des images, des articles, etc.). Les contenus int\u00e9gr\u00e9s d'autres sites web se comportent exactement de la m\u00eame mani\u00e8re que si le visiteur avait visit\u00e9 l'autre site web. <\/p>&#13;\n&#13;\n<p>Ces sites web peuvent collecter des donn\u00e9es vous concernant, utiliser des cookies, int\u00e9grer des services de suivi suppl\u00e9mentaires de tiers et enregistrer votre interaction avec ce contenu int\u00e9gr\u00e9, y compris votre interaction avec le contenu int\u00e9gr\u00e9 si vous avez un compte et \u00eates connect\u00e9 \u00e0 ce site web.<\/p>&#13;\n&#13;\n<h2 class=\"wp-block-heading\">Avec qui nous partageons vos donn\u00e9es<\/h2>&#13;\n&#13;\n<p>Si vous demandez une r\u00e9initialisation de mot de passe, votre adresse IP sera incluse dans l'e-mail de r\u00e9initialisation.<\/p>&#13;\n&#13;\n<h2 class=\"wp-block-heading\">Combien de temps nous conservons vos donn\u00e9es<\/h2>&#13;\n&#13;\n<p>Si vous laissez un commentaire, celui-ci, y compris ses m\u00e9tadonn\u00e9es, est conserv\u00e9 ind\u00e9finiment. Cela nous permet de reconna\u00eetre et d'approuver automatiquement les commentaires de suivi au lieu de les maintenir dans une file d'attente de mod\u00e9ration. <\/p>&#13;\n&#13;\n<p>Pour les utilisateurs qui s'enregistrent sur notre site web, nous stockons \u00e9galement les informations personnelles qu'ils fournissent dans leurs profils d'utilisateur. Tous les utilisateurs peuvent consulter, modifier ou supprimer leurs informations personnelles \u00e0 tout moment (le nom d'utilisateur ne peut pas \u00eatre modifi\u00e9). Les administrateurs du site web peuvent \u00e9galement consulter et modifier ces informations.  <\/p>&#13;\n&#13;\n<h2 class=\"wp-block-heading\">Quels droits vous avez sur vos donn\u00e9es<\/h2>&#13;\n&#13;\n<p>Si vous avez un compte sur ce site web ou si vous avez laiss\u00e9 des commentaires, vous pouvez demander \u00e0 recevoir un fichier export\u00e9 des donn\u00e9es personnelles que nous d\u00e9tenons \u00e0 votre sujet, y compris toutes les donn\u00e9es que vous nous avez fournies. Vous pouvez \u00e9galement demander la suppression de toutes les donn\u00e9es personnelles que nous d\u00e9tenons \u00e0 votre sujet. Cela n'inclut pas les donn\u00e9es que nous sommes tenus de conserver \u00e0 des fins administratives, l\u00e9gales ou de s\u00e9curit\u00e9.  <\/p>&#13;\n&#13;\n<h2 class=\"wp-block-heading\">O\u00f9 nous envoyons vos donn\u00e9es<\/h2>&#13;\n&#13;\n<p>Les commentaires des visiteurs peuvent \u00eatre examin\u00e9s par un service automatis\u00e9 de d\u00e9tection des spams.<\/p>&#13;\n<div id=\"gtx-trans\" style=\"position: absolute; left: 10px; top: 1837.41px;\">\n<div class=\"gtx-trans-icon\"> <\/div>\n<\/div>\n","protected":false},"excerpt":{"rendered":"<p>&#13; Qui sommes-nous &#13; &#13; L&rsquo;adresse de notre site web est : https:\/\/www.mjollnir.ch. &#13; &#13; Commentaires &#13; &#13; Lorsque les visiteurs laissent des commentaires sur le site web, nous collectons les donn\u00e9es affich\u00e9es dans le formulaire de commentaire, ainsi que l&rsquo;adresse IP du visiteur et la cha\u00eene de l&rsquo;agent utilisateur (qui identifie le navigateur), afin [&hellip;]<\/p>\n","protected":false},"author":1,"featured_media":0,"parent":0,"menu_order":0,"comment_status":"closed","ping_status":"closed","template":"","meta":{"_acf_changed":false,"footnotes":""},"class_list":["post-31847","page","type-page","status-publish","hentry"],"acf":[],"jetpack_sharing_enabled":true,"_links":{"self":[{"href":"https:\/\/www.iceland.ch\/fr\/wp-json\/wp\/v2\/pages\/31847","targetHints":{"allow":["GET"]}}],"collection":[{"href":"https:\/\/www.iceland.ch\/fr\/wp-json\/wp\/v2\/pages"}],"about":[{"href":"https:\/\/www.iceland.ch\/fr\/wp-json\/wp\/v2\/types\/page"}],"author":[{"embeddable":true,"href":"https:\/\/www.iceland.ch\/fr\/wp-json\/wp\/v2\/users\/1"}],"replies":[{"embeddable":true,"href":"https:\/\/www.iceland.ch\/fr\/wp-json\/wp\/v2\/comments?post=31847"}],"version-history":[{"count":0,"href":"https:\/\/www.iceland.ch\/fr\/wp-json\/wp\/v2\/pages\/31847\/revisions"}],"wp:attachment":[{"href":"https:\/\/www.iceland.ch\/fr\/wp-json\/wp\/v2\/media?parent=31847"}],"curies":[{"name":"wp","href":"https:\/\/api.w.org\/{rel}","templated":true}]}}