{"id":31842,"date":"2021-08-22T12:07:24","date_gmt":"2021-08-22T10:07:24","guid":{"rendered":"https:\/\/www.iceland.ch\/camper-iceland\/"},"modified":"2026-05-11T19:29:34","modified_gmt":"2026-05-11T17:29:34","slug":"camper-iceland","status":"publish","type":"page","link":"https:\/\/www.iceland.ch\/fr\/camper-iceland\/","title":{"rendered":"Camper Iceland"},"content":{"rendered":"<div class=\"et_pb_section_0 et_pb_section et_section_regular et_block_section\"><div class=\"et_pb_row_0 et_pb_row et_block_row\"><div class=\"et_pb_column_0 et_pb_column et_pb_column_4_4 et-last-child et_block_column et_pb_css_mix_blend_mode_passthrough\"><div class=\"et_pb_text_0 et_pb_text et_pb_bg_layout_dark et_pb_module et_block_module\"><div class=\"et_pb_text_inner\"><h1>Camper Iceland<\/h1>\n<\/div><\/div><\/div><\/div><div class=\"et_pb_row_1 et_pb_row et_pb_equal_columns et_block_row\"><div class=\"et_pb_column_1 et_pb_column et_pb_column_1_3 et_block_column et_pb_css_mix_blend_mode_passthrough\"><div class=\"et_pb_image_0 et_pb_image et_pb_module et_block_module\"><span class=\"et_pb_image_wrap\"><img decoding=\"async\" src=\"https:\/\/www.mjollnir.ch\/wp-content\/uploads\/2021\/02\/055AC7BF-5707-4B18-8E6C-84ECA35EABC8.jpeg\" title=\"055AC7BF57074B188E6C84ECA35EABC8\" alt=\"\"><\/span><\/div><\/div><div class=\"et_pb_column_2 et_pb_column et_pb_column_2_3 et-last-child et_block_column et_pb_css_mix_blend_mode_passthrough\"><div class=\"et_pb_text_1 et_pb_text et_pb_bg_layout_dark et_pb_module et_block_module\"><div class=\"et_pb_text_inner\"><h4>Notre entreprise<\/h4>\n<h2>L\u2019une des plus anciennes marques de location de camping-cars et de motor-homes d\u2019Islande<\/h2>\n<\/div><\/div><div class=\"et_pb_module et_pb_button_module_wrapper et_pb_button_0_wrapper\"><a class=\"et_pb_button_0 et_pb_button et_pb_bg_layout_dark et_pb_module et_block_module\" href=\"https:\/\/www.campe.is\" target=\"_blank\" rel=\"noopener\">Nous rendre visite<\/a><\/div><\/div><\/div><\/div><div class=\"et_pb_section_1 et_pb_section et_section_regular et_block_section\"><div class=\"et_pb_row_2 et_pb_row et_block_row\"><div class=\"et_pb_column_3 et_pb_column et_pb_column_4_4 et-last-child et_block_column et_pb_css_mix_blend_mode_passthrough\"><div class=\"et_pb_text_2 et_pb_text et_pb_bg_layout_light et_pb_module et_block_module et_pb_text_align_center\"><div class=\"et_pb_text_inner\"><h4>\u00c0 propos<\/h4>\n<h2>Notre histoire<\/h2>\n<\/div><\/div><div class=\"et_pb_text_3 et_pb_text et_pb_bg_layout_light et_pb_module et_block_module et_pb_text_align_center\"><div class=\"et_pb_text_inner\"><p style=\"text-align: justify;\">Camper Iceland est une marque tr\u00e8s connue en Islande. Je m\u2019appelle Daniel Johnson et je suis le fondateur de la marque Camper Iceland, propri\u00e9taire de Mjollnir GmbH et de Camper Iceland Ehf. Sur cette page, je souhaite vous raconter l\u2019histoire qui a men\u00e9 \u00e0 la cr\u00e9ation de la marque Camper Iceland.  <\/p>\n<p style=\"text-align: justify;\">Tout a commenc\u00e9 avec mes parents, Regula et J\u00f3n Kjartansson. \u00c0 la fin des ann\u00e9es 60, ma m\u00e8re travaillait pour une agence de voyages gouvernementale appel\u00e9e \u00ab fer\u00f0askrifstofa r\u00edkisins \u00bb, ce qui se traduit par l\u2019agence de voyages du gouvernement islandais. \u00c0 la m\u00eame \u00e9poque, mon p\u00e8re travaillait comme guide en Islande parall\u00e8lement \u00e0 ses \u00e9tudes en Angleterre. Il va sans dire que mes deux parents poss\u00e9daient de vastes connaissances qui leur ont permis d\u2019\u00eatre d\u2019excellents conseillers en voyages pour la destination Islande. En 1979, ma famille s\u2019est install\u00e9e en Suisse, pays d\u2019origine de ma m\u00e8re. Quand j\u2019avais environ 8 ans, quelques Islandais avis\u00e9s ont fond\u00e9 l\u2019une des premi\u00e8res agences de voyages sp\u00e9cialis\u00e9es dans la destination Islande. Ils souhaitaient \u00e9tendre la marque de l\u2019agence en Suisse et, comme l\u2019Islande a une population si restreinte que tout le monde se conna\u00eet, ils ont demand\u00e9 \u00e0 mon p\u00e8re s\u2019il \u00e9tait int\u00e9ress\u00e9 \u00e0 les rejoindre. \u00c0 cette \u00e9poque, mon p\u00e8re \u00e9tait directeur de banque en Suisse et ma m\u00e8re avait suffisamment de temps pour lancer une entreprise. Deux ans plus tard, en 1987, la premi\u00e8re agence de voyages sp\u00e9cialis\u00e9e pour l\u2019Islande a \u00e9t\u00e9 ouverte en Suisse par mes parents. Au d\u00e9but, elle se trouvait dans un petit coin de notre maison, mais elle a rapidement n\u00e9cessit\u00e9 son propre bureau dans notre ville de Rudolfstetten. \u00c0 l\u2019\u00e9poque, le tourisme islandais \u00e9tait presque inexistant et les voyageurs pouvaient louer une Lada et dormir dans les internats qui \u00e9taient ferm\u00e9s aux \u00e9tudiants pendant l\u2019\u00e9t\u00e9. En raison du manque de transport et d\u2019h\u00e9bergement, l\u2019id\u00e9e est venue de louer des camping-cars. En coop\u00e9ration avec des membres de la famille, la premi\u00e8re location de camping-cars a d\u00e9but\u00e9 en Islande. Au cours des ann\u00e9es 90, le tourisme islandais a continu\u00e9 de cro\u00eetre lentement. Apr\u00e8s 2000, l\u2019Islande est devenue de plus en plus populaire, notamment gr\u00e2ce \u00e0 l\u2019Eyjafjallaj\u00f6kull que tout le monde semble conna\u00eetre et se rappeler o\u00f9 il se trouvait lors de son \u00e9ruption.              <\/p>\n<p style=\"text-align: justify;\">La soci\u00e9t\u00e9 de location n\u2019avait jamais vraiment eu sa propre marque car elle op\u00e9rait uniquement pour l\u2019agence de voyages et \u00e9tait ouverte de juin \u00e0 ao\u00fbt chaque ann\u00e9e. De nombreux voyageurs ont profit\u00e9 de la nature islandaise en voyageant dans l\u2019un de nos camping-cars. <\/p>\n<p style=\"text-align: justify;\">J\u2019aidais mes parents depuis mon enfance et je connaissais bien s\u00fbr tr\u00e8s bien le secteur. Cependant, j\u2019avais choisi une voie diff\u00e9rente et j\u2019ai d\u2019abord travaill\u00e9 \u00e0 l\u2019ambassade des \u00c9tats-Unis en tant que superviseur de la s\u00e9curit\u00e9 avant de rejoindre l\u2019arm\u00e9e suisse (infanterie, D\u00c9M, police militaire) o\u00f9 je sers toujours dans la milice en tant que colonel de la police militaire. En 2005, on m\u2019a demand\u00e9 de diriger la soci\u00e9t\u00e9 de location islandaise pendant deux semaines afin d\u2019utiliser mes comp\u00e9tences d\u2019instructeur tactique pour \u00e9valuer les op\u00e9rations. L\u2019entreprise se d\u00e9veloppait et avait besoin d\u2019une nouvelle perspective en mati\u00e8re de leadership. En cons\u00e9quence, on m\u2019a demand\u00e9 de diriger l\u2019entreprise en tant que PDG fin 2006. Ma premi\u00e8re t\u00e2che a \u00e9t\u00e9 de fonder la marque Camper Iceland et de cr\u00e9er la premi\u00e8re page web de camping-cars 4x4 et de motor-homes d\u2019Islande, appel\u00e9e camper.is. L\u2019entreprise a re\u00e7u son identit\u00e9 visuelle et le nom de marque Camper Iceland est utilis\u00e9 depuis lors. Elle est pass\u00e9e du service \u00e0 l\u2019agence de voyages suisse au service aux agents de voyages internationaux et au B2C. En 2018, Camper Iceland \u00e9tait de loin la plus grande soci\u00e9t\u00e9 de location de camping-cars avec 180 v\u00e9hicules sur la route et plus de 20 v\u00e9hicules en vente ou en r\u00e9serve. Une flotte de plus de 200 v\u00e9hicules.         <\/p>\n<p style=\"text-align: justify;\">Pendant la pand\u00e9mie, tout a chang\u00e9. Nous sommes tr\u00e8s chanceux et reconnaissants d\u2019avoir r\u00e9ussi \u00e0 rester en bonne sant\u00e9, et notre entreprise a pu utiliser sa force dans l\u2019importation de v\u00e9hicules, l\u2019atelier de r\u00e9paration et la vente pour servir le march\u00e9 islandais. Jamais auparavant nous n\u2019avions vendu autant de v\u00e9hicules, mais d\u2019un autre c\u00f4t\u00e9, l\u2019activit\u00e9 de location \u00e9tait beaucoup plus r\u00e9duite qu\u2019auparavant.   <\/p>\n<p style=\"text-align: justify;\">Aujourd\u2019hui, nous disposons d\u2019une flotte renouvel\u00e9e et nous sommes heureux que le march\u00e9 de la location reprenne lentement. <\/p>\n<p style=\"text-align: justify;\">J\u2019esp\u00e8re que vous avez appr\u00e9ci\u00e9 notre version courte des deux derni\u00e8res d\u00e9cennies et je vous invite \u00e0 consulter notre page d\u2019accueil camper.is. De plus, je serais ravi que notre histoire vous inspire \u00e0 choisir une marque familiale et \u00e0 visiter l\u2019Islande.  <\/p>\n<p style=\"text-align: justify;\">\n<p style=\"text-align: justify;\">Avec mes salutations les plus cordiales<\/p>\n<\/div><\/div><div class=\"et_pb_text_4 et_pb_text et_pb_bg_layout_light et_pb_module et_block_module\"><div class=\"et_pb_text_inner\"><p>Daniel Johnson<\/p>\n<\/div><\/div><\/div><\/div><\/div><div class=\"et_pb_section_2 et_pb_section et_section_regular et_block_section\"><div class=\"et_pb_row_3 et_pb_row et_block_row\"><div class=\"et_pb_column_4 et_pb_column et_pb_column_4_4 et-last-child et_block_column et_pb_css_mix_blend_mode_passthrough\"><div class=\"et_pb_image_1 et_pb_image et_pb_module et_block_module\"><span class=\"et_pb_image_wrap\"><img decoding=\"async\" src=\"https:\/\/www.mjollnir.ch\/wp-content\/uploads\/2021\/08\/camper-2.jpeg\" title=\"campingcar  2\" alt=\"\"><\/span><\/div><div class=\"et_pb_divider_0 et_pb_divider_hidden et_pb_space et_pb_divider_position_top et_pb_module\"><div class=\"et_pb_divider_internal\"><\/div><\/div><div class=\"et_pb_image_2 et_pb_image et_pb_module et_block_module\"><span class=\"et_pb_image_wrap\"><img decoding=\"async\" src=\"https:\/\/www.mjollnir.ch\/wp-content\/uploads\/2021\/08\/camper-11.jpeg\" title=\"campingcar  11\" alt=\"\"><\/span><\/div><div class=\"et_pb_divider_1 et_pb_divider_hidden et_pb_space et_pb_divider_position_top et_pb_module\"><div class=\"et_pb_divider_internal\"><\/div><\/div><div class=\"et_pb_image_3 et_pb_image et_pb_module et_block_module\"><span class=\"et_pb_image_wrap\"><img decoding=\"async\" src=\"https:\/\/www.mjollnir.ch\/wp-content\/uploads\/2021\/08\/camper-1.jpeg\" title=\"campingcar  1\" alt=\"\"><\/span><\/div><div class=\"et_pb_image_4 et_pb_image et_pb_module et_block_module\"><span class=\"et_pb_image_wrap\"><img decoding=\"async\" src=\"https:\/\/www.mjollnir.ch\/wp-content\/uploads\/2021\/08\/camper-7.jpeg\" title=\"campingcar  7\" alt=\"\"><\/span><\/div><div class=\"et_pb_image_5 et_pb_image et_pb_module et_block_module\"><span class=\"et_pb_image_wrap\"><img decoding=\"async\" src=\"https:\/\/www.mjollnir.ch\/wp-content\/uploads\/2021\/08\/camper-8.jpeg\" title=\"campingcar  8\" alt=\"\"><\/span><\/div><\/div><\/div><\/div><div class=\"et_pb_section_3 et_pb_section et_section_regular et_block_section\"><div class=\"et_pb_row_4 et_pb_row et_pb_gutters2 et_block_row\"><div class=\"et_pb_column_5 et_pb_column et_pb_column_1_3 et_block_column et_pb_css_mix_blend_mode_passthrough\"><div class=\"et_pb_text_5 et_pb_text et_pb_bg_layout_light et_pb_module et_block_module\"><div class=\"et_pb_text_inner\"><h4>Notre passion<\/h4>\n<h2>Un produit de voyage d\u00e9di\u00e9 et passionn\u00e9, pour vous.<\/h2>\n<p>Nous avons test\u00e9 de nombreuses marques de v\u00e9hicules et de produits de voyage afin d\u2019offrir le meilleur service en Islande. Nous continuerons \u00e0 proc\u00e9der par essais et erreurs pour nous adapter \u00e0 un march\u00e9 en constante \u00e9volution.  <\/p>\n<\/div><\/div><\/div><div class=\"et_pb_column_6 et_pb_column et_pb_column_1_3 et_block_column et_pb_css_mix_blend_mode_passthrough\"><div class=\"et_pb_blurb_0 et_pb_blurb et_pb_bg_layout_light et_pb_blurb_position_top et_animated et_pb_module et_block_module\"><div class=\"et_pb_blurb_content\"><div class=\"et_pb_main_blurb_image\"><span class=\"et_pb_image_wrap et_pb_only_image_mode_wrap\"><img decoding=\"async\" src=\"https:\/\/www.mjollnir.ch\/wp-content\/uploads\/2021\/08\/camper-5.jpeg\" alt=\"\" title=\"\"><\/span><\/div><div class=\"et_pb_blurb_container\"><h3 class=\"et_pb_module_header\">Amour &amp; Passion<\/h3><\/div><\/div><\/div><\/div><div class=\"et_pb_column_7 et_pb_column et_pb_column_1_3 et-last-child et_block_column et_pb_css_mix_blend_mode_passthrough\"><div class=\"et_pb_blurb_1 et_pb_blurb et_pb_bg_layout_light et_pb_blurb_position_top et_animated et_pb_module et_block_module\"><div class=\"et_pb_blurb_content\"><div class=\"et_pb_main_blurb_image\"><span class=\"et_pb_image_wrap et_pb_only_image_mode_wrap\"><img decoding=\"async\" src=\"https:\/\/www.mjollnir.ch\/wp-content\/uploads\/2021\/08\/camper-6.jpeg\" alt=\"\" title=\"\"><\/span><\/div><div class=\"et_pb_blurb_container\"><h3 class=\"et_pb_module_header\">C\u0153ur &amp; D\u00e9vouement <\/h3><\/div><\/div><\/div><\/div><\/div><\/div><div class=\"et_pb_section_4 et_pb_section et_section_regular et_block_section\"><div class=\"et_pb_row_5 et_pb_row et_block_row\"><div class=\"et_pb_column_8 et_pb_column et_pb_column_1_2 et_block_column et_pb_css_mix_blend_mode_passthrough\"><div class=\"et_pb_text_6 et_pb_text et_pb_bg_layout_dark et_pb_module et_block_module\"><div class=\"et_pb_text_inner\"><h2>Contactez-nous ou visitez notre page web d\u00e8s aujourd\u2019hui.<\/h2>\n<\/div><\/div><div class=\"et_pb_module et_pb_button_module_wrapper et_pb_button_1_wrapper\"><a class=\"et_pb_button_1 et_pb_button et_pb_bg_layout_dark et_pb_module et_block_module\" href=\"https:\/\/www.camper.is\" target=\"_blank\" rel=\"noopener\">Camper Iceland<\/a><\/div><div class=\"et_pb_text_7 et_pb_text et_pb_bg_layout_dark et_pb_module et_block_module\"><div class=\"et_pb_text_inner\"><h4>Mjollnir<\/h4>\n<p><a href=\"mailto:info@mjollnir.ch\">info@mjollnir.ch<\/a><\/p>\n<\/div><\/div><div class=\"et_pb_text_8 et_pb_text et_pb_bg_layout_dark et_pb_module et_block_module\"><div class=\"et_pb_text_inner\"><h4>Camper Iceland<\/h4>\n<p><a href=\"mailto:info@camper.is\" title=\"info@camper.is\">info@camper.is<\/a><\/p>\n<\/div><\/div><\/div><div class=\"et_pb_column_9 et_pb_column et_pb_column_1_2 et-last-child et_block_column et_pb_css_mix_blend_mode_passthrough\"><div class=\"et_pb_image_6 et_pb_image et_pb_module et_block_module\"><span class=\"et_pb_image_wrap\"><img decoding=\"async\" src=\"https:\/\/www.mjollnir.ch\/wp-content\/uploads\/2021\/08\/camper-1-1.jpeg\" title=\"campingcar  1 (1)\" alt=\"\"><\/span><\/div><div class=\"et_pb_text_9 et_pb_text et_pb_bg_layout_light et_pb_module et_block_module\"><div class=\"et_pb_text_inner\"><h2>Merci de faire partie de notre famille et de notre histoire<\/h2>\n<\/div><\/div><\/div><\/div><\/div>","protected":false},"excerpt":{"rendered":"","protected":false},"author":1,"featured_media":31843,"parent":0,"menu_order":0,"comment_status":"closed","ping_status":"closed","template":"","meta":{"_acf_changed":false,"footnotes":""},"class_list":["post-31842","page","type-page","status-publish","has-post-thumbnail","hentry"],"acf":[],"jetpack_sharing_enabled":true,"_links":{"self":[{"href":"https:\/\/www.iceland.ch\/fr\/wp-json\/wp\/v2\/pages\/31842","targetHints":{"allow":["GET"]}}],"collection":[{"href":"https:\/\/www.iceland.ch\/fr\/wp-json\/wp\/v2\/pages"}],"about":[{"href":"https:\/\/www.iceland.ch\/fr\/wp-json\/wp\/v2\/types\/page"}],"author":[{"embeddable":true,"href":"https:\/\/www.iceland.ch\/fr\/wp-json\/wp\/v2\/users\/1"}],"replies":[{"embeddable":true,"href":"https:\/\/www.iceland.ch\/fr\/wp-json\/wp\/v2\/comments?post=31842"}],"version-history":[{"count":0,"href":"https:\/\/www.iceland.ch\/fr\/wp-json\/wp\/v2\/pages\/31842\/revisions"}],"wp:featuredmedia":[{"embeddable":true,"href":"https:\/\/www.iceland.ch\/fr\/wp-json\/wp\/v2\/media\/31843"}],"wp:attachment":[{"href":"https:\/\/www.iceland.ch\/fr\/wp-json\/wp\/v2\/media?parent=31842"}],"curies":[{"name":"wp","href":"https:\/\/api.w.org\/{rel}","templated":true}]}}