{"id":31832,"date":"2025-07-29T16:46:16","date_gmt":"2025-07-29T14:46:16","guid":{"rendered":"https:\/\/www.iceland.ch\/sabonner-a-la-newsletter\/"},"modified":"2026-05-11T22:34:06","modified_gmt":"2026-05-11T20:34:06","slug":"sabonner-a-la-newsletter","status":"publish","type":"page","link":"https:\/\/www.iceland.ch\/fr\/sabonner-a-la-newsletter\/","title":{"rendered":"S\u2019abonner \u00e0 la newsletter"},"content":{"rendered":"<div class=\"et_pb_section_0 et_pb_section et_section_regular et_block_section\">\n<div class=\"et_pb_row_0 et_pb_row et_block_row\">\n<div class=\"et_pb_column_0 et_pb_column et_pb_column_4_4 et-last-child et_block_column et_pb_css_mix_blend_mode_passthrough\">\n<div class=\"et_pb_text_0 et_pb_text et_pb_bg_layout_light et_pb_module et_block_module\"><div class=\"et_pb_text_inner\"><p><strong>Un bout d\u2019Islande, rien que pour vous.<\/strong><br \/>Imaginez : les aurores bor\u00e9ales dansent dans le ciel, la lumi\u00e8re du soleil de minuit caresse les glaciers, et le son d\u2019une cascade r\u00e9sonne au loin. Tous ces moments \u2013 et bien d\u2019autres encore \u2013 nous les partageons avec vous.<br \/>Si vous souhaitez plonger plus profond\u00e9ment dans le monde de l\u2019Islande et ne manquer aucune de nos histoires de voyage inspirantes, de nos conseils d\u2019initi\u00e9s et de nos offres exclusives, alors rejoignez-nous dans notre aventure. Abonnez-vous d\u00e8s maintenant \u00e0 notre newsletter ou suivez-nous sur nos r\u00e9seaux sociaux. Ainsi, votre r\u00eave d\u2019Islande restera vivant jusqu\u2019\u00e0 ce que vous le viviez vous-m\u00eame.   <br \/>                <div class=\"ml-embedded\" data-form=\"0TO5oK\"><\/div>\n            <\/p>\n<hr class=\"wp-block-separator has-alpha-channel-opacity\">\n<p style=\"font-family: Arial, sans-serif; font-size: 18px; color: #333; text-align: left;\"><strong>Laissez-vous inspirer et suivez-nous !<\/strong><br \/>Ne manquez aucune actualit\u00e9, aucun conseil de voyage ni aucune image \u00e9poustouflante d\u2019Islande.<\/p>\n<div style=\"text-align: center; margin-top: 20px;\"><a href=\"https:\/\/www.facebook.com\/iceland.ch\" target=\"_blank\" style=\"text-decoration: none; margin: 0 15px;\" rel=\"noopener\"><br \/><img decoding=\"async\" src=\"https:\/\/upload.wikimedia.org\/wikipedia\/commons\/5\/51\/Facebook_f_logo_%282019%29.svg\" alt=\"Facebook\" style=\"width: 50px; height: 50px;\" title=\"\"><br \/><\/a><br \/><a href=\"https:\/\/www.youtube.com\/@iceland.ch\" target=\"_blank\" style=\"text-decoration: none; margin: 0 15px;\" rel=\"noopener\"><br \/><img decoding=\"async\" src=\"https:\/\/upload.wikimedia.org\/wikipedia\/commons\/0\/09\/YouTube_full-color_icon_%282017%29.svg\" alt=\"YouTube\" style=\"width: 50px; height: 50px;\" title=\"\"><br \/><\/a><br \/><a href=\"https:\/\/www.instagram.com\/mjollnirswitzerland\/\" target=\"_blank\" style=\"text-decoration: none; margin: 0 15px;\" rel=\"noopener\"><br \/><img decoding=\"async\" src=\"https:\/\/upload.wikimedia.org\/wikipedia\/commons\/a\/a5\/Instagram_icon.png\" alt=\"Instagram\" style=\"width: 50px; height: 50px;\" title=\"\"><br \/><\/a><\/div>\n<\/div><\/div>\n<\/div>\n<\/div>\n<\/div>","protected":false},"excerpt":{"rendered":"","protected":false},"author":1,"featured_media":0,"parent":0,"menu_order":0,"comment_status":"closed","ping_status":"closed","template":"","meta":{"_acf_changed":false,"footnotes":""},"class_list":["post-31832","page","type-page","status-publish","hentry"],"acf":[],"jetpack_sharing_enabled":true,"_links":{"self":[{"href":"https:\/\/www.iceland.ch\/fr\/wp-json\/wp\/v2\/pages\/31832","targetHints":{"allow":["GET"]}}],"collection":[{"href":"https:\/\/www.iceland.ch\/fr\/wp-json\/wp\/v2\/pages"}],"about":[{"href":"https:\/\/www.iceland.ch\/fr\/wp-json\/wp\/v2\/types\/page"}],"author":[{"embeddable":true,"href":"https:\/\/www.iceland.ch\/fr\/wp-json\/wp\/v2\/users\/1"}],"replies":[{"embeddable":true,"href":"https:\/\/www.iceland.ch\/fr\/wp-json\/wp\/v2\/comments?post=31832"}],"version-history":[{"count":3,"href":"https:\/\/www.iceland.ch\/fr\/wp-json\/wp\/v2\/pages\/31832\/revisions"}],"predecessor-version":[{"id":31890,"href":"https:\/\/www.iceland.ch\/fr\/wp-json\/wp\/v2\/pages\/31832\/revisions\/31890"}],"wp:attachment":[{"href":"https:\/\/www.iceland.ch\/fr\/wp-json\/wp\/v2\/media?parent=31832"}],"curies":[{"name":"wp","href":"https:\/\/api.w.org\/{rel}","templated":true}]}}