{"id":31818,"date":"2025-09-29T11:48:51","date_gmt":"2025-09-29T09:48:51","guid":{"rendered":"https:\/\/www.iceland.ch\/voyager-durablement-decouvrir-de-maniere-responsable\/"},"modified":"2026-05-11T19:28:39","modified_gmt":"2026-05-11T17:28:39","slug":"voyager-durablement-decouvrir-de-maniere-responsable","status":"publish","type":"page","link":"https:\/\/www.iceland.ch\/fr\/voyager-durablement-decouvrir-de-maniere-responsable\/","title":{"rendered":"Voyager durablement, d\u00e9couvrir de mani\u00e8re responsable"},"content":{"rendered":"\n<div class=\"wp-block-media-text is-stacked-on-mobile\"><figure class=\"wp-block-media-text__media\"><img decoding=\"async\" width=\"1024\" height=\"1024\" src=\"https:\/\/www.iceland.ch\/wp-content\/uploads\/2025\/09\/Gemini_Generated_Image_nqtc8nnqtc8nnqtc.png\" alt=\"\" class=\"wp-image-31402 size-full\" title=\"\" srcset=\"https:\/\/www.iceland.ch\/wp-content\/uploads\/2025\/09\/Gemini_Generated_Image_nqtc8nnqtc8nnqtc.png 1024w, https:\/\/www.iceland.ch\/wp-content\/uploads\/2025\/09\/Gemini_Generated_Image_nqtc8nnqtc8nnqtc-980x980.png 980w, https:\/\/www.iceland.ch\/wp-content\/uploads\/2025\/09\/Gemini_Generated_Image_nqtc8nnqtc8nnqtc-480x480.png 480w\" sizes=\"(min-width: 0px) and (max-width: 480px) 480px, (min-width: 481px) and (max-width: 980px) 980px, (min-width: 981px) 1024px, 100vw\" \/><\/figure><div class=\"wp-block-media-text__content\">\n<h2 class=\"wp-block-heading\">Voyages en camper \u2013 l\u2019alternative durable<\/h2>\n\n\n\n<p>L\u2019un des plus grands atouts d\u2019un voyage en camping-car est qu\u2019aucune infrastructure suppl\u00e9mentaire, comme des h\u00f4tels, des pensions ou des restaurants, ne doit \u00eatre construite, ce qui pr\u00e9serve le paysage. Vous voyagez avec votre maison sur roues et utilisez ainsi l\u2019infrastructure existante des campings.<\/p>\n\n\n\n<p>Diverses \u00e9tudes montrent que les vacances en camping-car comptent parmi les formes de voyage les plus durables, notamment par rapport \u00e0 la combinaison vol, voiture de location et h\u00f4tel. Alors que l\u2019infrastructure h\u00f4teli\u00e8re n\u00e9cessite \u00e9norm\u00e9ment d\u2019\u00e9nergie pour le chauffage, la climatisation et la restauration, le camper permet de voyager en toute conscience et en pr\u00e9servant les ressources. Vous d\u00e9cidez vous-m\u00eame de votre consommation et \u00eates directement en contact avec la nature \u2013 ce qui rend tout \u00e0 fait naturel un usage responsable de l\u2019eau et de l\u2019\u00e9lectricit\u00e9.<\/p>\n\n\n\n<p>Nous nous r\u00e9jouissons de vous accompagner dans votre aventure durable en Islande et de laisser ensemble une empreinte positive.<\/p>\n<\/div><\/div>\n\n<p>Pour nous, la durabilit\u00e9 n\u2019est pas seulement une tendance, mais un engagement que nous vivons depuis la cr\u00e9ation de notre entreprise. Notre objectif a toujours \u00e9t\u00e9 et reste que nos clients laissent chaque lieu plus propre qu\u2019ils ne l\u2019ont trouv\u00e9. C\u2019est le c\u0153ur de notre action.<\/p>\n\n<p>Nous avons investi tr\u00e8s t\u00f4t dans des infrastructures respectueuses de l\u2019environnement, par exemple dans un s\u00e9parateur d\u2019hydrocarbures d\u2019une valeur de 30\u202f000 CHF, afin de garantir qu\u2019aucune substance nocive ne se retrouve dans l\u2019environnement. De plus, nous avons mis en place notre propre syst\u00e8me de recyclage \u00e0 notre station, o\u00f9 nos clients peuvent d\u00e9poser leurs bouteilles et leurs emballages consign\u00e9s. Nous nous chargeons de l\u2019\u00e9limination dans les r\u00e8gles de l\u2019art afin que l\u2019Islande reste propre.<\/p>\n\n<hr class=\"wp-block-separator has-alpha-channel-opacity\"\/>\n\n<p><\/p>\n","protected":false},"excerpt":{"rendered":"<p>Voyages en camper \u2013 l\u2019alternative durable L\u2019un des plus grands atouts d\u2019un voyage en camping-car est qu\u2019aucune infrastructure suppl\u00e9mentaire, comme des h\u00f4tels, des pensions ou des restaurants, ne doit \u00eatre construite, ce qui pr\u00e9serve le paysage. Vous voyagez avec votre maison sur roues et utilisez ainsi l\u2019infrastructure existante des campings. Diverses \u00e9tudes montrent que les [&hellip;]<\/p>\n","protected":false},"author":1,"featured_media":31819,"parent":0,"menu_order":0,"comment_status":"closed","ping_status":"closed","template":"","meta":{"_acf_changed":false,"footnotes":""},"class_list":["post-31818","page","type-page","status-publish","has-post-thumbnail","hentry"],"acf":[],"jetpack_sharing_enabled":true,"_links":{"self":[{"href":"https:\/\/www.iceland.ch\/fr\/wp-json\/wp\/v2\/pages\/31818","targetHints":{"allow":["GET"]}}],"collection":[{"href":"https:\/\/www.iceland.ch\/fr\/wp-json\/wp\/v2\/pages"}],"about":[{"href":"https:\/\/www.iceland.ch\/fr\/wp-json\/wp\/v2\/types\/page"}],"author":[{"embeddable":true,"href":"https:\/\/www.iceland.ch\/fr\/wp-json\/wp\/v2\/users\/1"}],"replies":[{"embeddable":true,"href":"https:\/\/www.iceland.ch\/fr\/wp-json\/wp\/v2\/comments?post=31818"}],"version-history":[{"count":0,"href":"https:\/\/www.iceland.ch\/fr\/wp-json\/wp\/v2\/pages\/31818\/revisions"}],"wp:featuredmedia":[{"embeddable":true,"href":"https:\/\/www.iceland.ch\/fr\/wp-json\/wp\/v2\/media\/31819"}],"wp:attachment":[{"href":"https:\/\/www.iceland.ch\/fr\/wp-json\/wp\/v2\/media?parent=31818"}],"curies":[{"name":"wp","href":"https:\/\/api.w.org\/{rel}","templated":true}]}}